{"id":117,"date":"2023-07-19T03:42:12","date_gmt":"2023-07-19T03:42:12","guid":{"rendered":"https:\/\/thefancompany.nl\/?page_id=117"},"modified":"2023-07-19T03:42:12","modified_gmt":"2023-07-19T03:42:12","slug":"demo-der-inhaltsseite","status":"publish","type":"page","link":"https:\/\/thefancompany.nl\/de\/content-page-demo\/","title":{"rendered":"Inhaltsseite Demo"},"content":{"rendered":"<h2 class=\"wp-block-heading\">Bilder<\/h2>\n\n\n\n<figure class=\"wp-block-image size-large\"><img loading=\"lazy\" decoding=\"async\" width=\"700\" height=\"572\" src=\"https:\/\/thefancompany.nl\/wp-content\/uploads\/2023\/07\/products-busket-700x572.png\" alt=\"\" class=\"wp-image-62\" srcset=\"https:\/\/thefancompany.nl\/wp-content\/uploads\/2023\/07\/products-busket-700x572.png 700w, https:\/\/thefancompany.nl\/wp-content\/uploads\/2023\/07\/products-busket-300x245.png 300w, https:\/\/thefancompany.nl\/wp-content\/uploads\/2023\/07\/products-busket-800x654.png 800w, https:\/\/thefancompany.nl\/wp-content\/uploads\/2023\/07\/products-busket-250x204.png 250w, https:\/\/thefancompany.nl\/wp-content\/uploads\/2023\/07\/products-busket-768x627.png 768w, https:\/\/thefancompany.nl\/wp-content\/uploads\/2023\/07\/products-busket-120x98.png 120w, https:\/\/thefancompany.nl\/wp-content\/uploads\/2023\/07\/products-busket-150x123.png 150w, https:\/\/thefancompany.nl\/wp-content\/uploads\/2023\/07\/products-busket.png 847w\" sizes=\"auto, (max-width: 700px) 100vw, 700px\" \/><\/figure>\n\n\n\n<h2>\u00dcberschriften und Abs\u00e4tze<\/h2>\n<div class=\"bd-example\">\n<h1>h1 \u2013 Die Fan Company<\/h1>\n<h2>h2 \u2013 und The <span>Spanne<\/span> Element<\/h2>\n<h3>h3 \u2013 The Fan Company<\/h3>\n<h4>h4 \u2013 Die Fan Company<\/h4>\n<p>Absatztext \u2013 Lorem ipsum dolor sit amet, consectetur adipiscing elit. Etiam in faucibus dui, sed laoreet urna. Nullam eleifend erat vel urna fermentum, vel bibendum nisi siticitudin. Suspendisse congue non risus in efficitur. Maecenas at neque blandit, Vestibulum nunc ut, pulvinar nisi. Integrit\u00e4t nicht erat lectus. Curabitur sit amet luctus lectus. Phasellus ornare nunc leo. Fusce ac mi consequat, luctus elit vel, Fahrzeug ex. Curabitur non purus vel magna feugiat pharetra. Aliquam dictum aliquam nunc eu Autor.<\/p>\n<a href=\"#\">Linkbeispiel<\/a>\n<\/div>\n<h2>Beschreibungslisten<\/h2>\n<div class=\"bd-example\">\n  <dl>\n    <dt>Beschreibungslisten<\/dt>\n    <dd>Eine Beschreibungsliste eignet sich hervorragend zur Definition von Begriffen.<\/dd>\n    <dt>Begriff<\/dt>\n    <dd>Definition f\u00fcr den Begriff.<\/dd>\n    <dd>Eine zweite Definition f\u00fcr denselben Begriff.<\/dd>\n    <dt>Ein anderer Begriff<\/dt>\n    <dd>Definition f\u00fcr diesen anderen Begriff.<\/dd>\n  <\/dl>\n<\/div>\n<h2>Listen<\/h2>\n<div class=\"bd-example\">\n<ul>\n<li>Bei allen Listen wurde der obere Rand entfernt<\/li>\n<li>Und ihr unterer Rand normalisierte sich<\/li>\n<li>Verschachtelte Listen haben keinen unteren Rand\n<ul>\n<li>Dadurch erhalten sie ein gleichm\u00e4\u00dfigeres Aussehen<\/li>\n<li>Vor allem, wenn weitere Listenelemente folgen<\/li>\n<\/ul>\n<\/li>\n<li>Auch die linke Polsterung wurde zur\u00fcckgesetzt<\/li>\n<\/ul>\n<ol>\n<li>Hier ist eine geordnete Liste<\/li>\n<li>Mit ein paar Listeneintr\u00e4gen<\/li>\n<li>Es hat das gleiche Gesamtbild<\/li>\n<li>Wie die vorherige ungeordnete Liste<\/li>\n<\/ol>\n<\/div>\n<h2>Tische<\/h2>\n<div class=\"bd-example\">\n  <table>\n    <caption>\n      Dies ist eine Beispieltabelle, deren \u00dcberschrift den Inhalt beschreibt.\n    <\/caption>\n    <thead>\n      <tr>\n        <th>Tabellen\u00fcberschrift<\/th>\n        <th>Tabellen\u00fcberschrift<\/th>\n        <th>Tabellen\u00fcberschrift<\/th>\n        <th>Tabellen\u00fcberschrift<\/th>\n      <\/tr>\n    <\/thead>\n    <tbody>\n      <tr>\n        <td>Tabellenzelle<\/td>\n        <td>Tabellenzelle<\/td>\n        <td>Tabellenzelle<\/td>\n        <td>Tabellenzelle<\/td>\n      <\/tr>\n      <tr>\n        <td>Tabellenzelle<\/td>\n        <td>Tabellenzelle<\/td>\n        <td>Tabellenzelle<\/td>\n        <td>Tabellenzelle<\/td>\n      <\/tr>\n      <tr>\n        <td>Tabellenzelle<\/td>\n        <td>Tabellenzelle<\/td>\n        <td>Tabellenzelle<\/td>\n        <td>Tabellenzelle<\/td>\n      <\/tr>\n    <\/tbody>\n  <\/table>\n<\/div>\n<h2>Formen<\/h2>\n<form class=\"bd-example\" action=\"\">\n  <fieldset>\n    <legend>Beispiellegende<\/legend>\n    <p>\n      <label for=\"input\">Beispieleingabe<\/label>\n      <input type=\"text\" id=\"input\" placeholder=\"Beispieleingabe\">\n    <\/p>\n    <p>\n      <label for=\"email\">Beispiel-E-Mail<\/label>\n      <input type=\"email\" id=\"email\" placeholder=\"test@example.com\">\n    <\/p>\n    <p>\n      <label for=\"tel\">Beispiel Telefon<\/label>\n      <input type=\"tel\" id=\"tel\">\n    <\/p>\n    <p>\n      <label for=\"url\">Beispiel-URL<\/label>\n      <input type=\"url\" id=\"url\">\n    <\/p>\n\n\n\n    <p>\n      <label for=\"select\">Beispiel ausw\u00e4hlen<\/label>\n      <select id=\"select\">\n        <option value=\"\">W\u00e4hlen\u2026<\/option>\n        <optgroup label=\"Option group 1\">\n          <option value=\"\">Option 1<\/option>\n          <option value=\"\">Option 2<\/option>\n          <option value=\"\">Option 3<\/option>\n        <\/optgroup>\n        <optgroup label=\"Option group 2\">\n          <option value=\"\">Option 4<\/option>\n          <option value=\"\">Option 5<\/option>\n          <option value=\"\">Option 6<\/option>\n        <\/optgroup>\n      <\/select>\n    <\/p>\n    <p>\n      <label>\n        <input type=\"checkbox\" value=\"\">\n        Aktivieren Sie dieses Kontrollk\u00e4stchen\n      <\/label>\n    <\/p>\n    <p>\n      <label>\n        <input type=\"radio\" name=\"optionsRadios\" id=\"optionsRadios1\" value=\"option1\" checked=\"\">\n        Option eins ist dies und das\n      <\/label>\n      <label>\n        <input type=\"radio\" name=\"optionsRadios\" id=\"optionsRadios2\" value=\"option2\">\n        Option zwei ist etwas anderes, das ebenfalls sehr lang ist, um das Umschlie\u00dfen dieser ausgefallenen Formularsteuerelemente zu demonstrieren.\n      <\/label>\n      <label>\n        <input type=\"radio\" name=\"optionsRadios\" id=\"optionsRadios3\" value=\"option3\" disabled=\"\">\n        Option drei ist deaktiviert\n      <\/label>\n    <\/p>\n    <p>\n      <label for=\"textarea\">Beispieltextbereich<\/label>\n      <textarea id=\"textarea\" rows=\"3\"><\/textarea>\n    <\/p>\n    <p>\n      <label for=\"date\">Beispieldatum<\/label>\n      <input type=\"date\" id=\"date\">\n    <\/p>\n    <p>\n      <label for=\"time\">Beispielzeit<\/label>\n      <input type=\"time\" id=\"time\">\n    <\/p>\n    <p>\n      <label for=\"password\">Beispielpasswort<\/label>\n      <input type=\"password\" id=\"password\">\n    <\/p>\n    <p>\n      <label for=\"datetime-local\">Beispiel datetime-local<\/label>\n      <input type=\"datetime-local\" id=\"datetime-local\">\n    <\/p>\n    <p>\n      <button type=\"submit\">Schaltfl\u00e4che \u201eSenden\u201c.<\/button>\n    <\/p>\n<p>Sie k\u00f6nnen jeden Link oder jede Schaltfl\u00e4che in die gleiche Stilschaltfl\u00e4che umwandeln, wenn Sie die Klasse \u201e<b>.Taste<\/b>\u201d dazu.<\/p>\n  <\/fieldset>\n<input type=\"hidden\" name=\"trp-form-language\" value=\"de\"\/><\/form>","protected":false},"excerpt":{"rendered":"<p>Images Headings and paragraphs h1 &#8211; The Fan Company h2 &#8211; and The Span Element h3 &#8211; The Fan Company h4 &#8211; The Fan Company Paragraph text &#8211; Lorem ipsum dolor sit amet, consectetur adipiscing elit. Etiam in faucibus dui, sed laoreet urna. Nullam eleifend erat vel urna fermentum, vel bibendum nisi sollicitudin. Suspendisse congue [&hellip;]<\/p>\n","protected":false},"author":3,"featured_media":0,"parent":0,"menu_order":0,"comment_status":"closed","ping_status":"closed","template":"","meta":{"_acf_changed":false,"footnotes":""},"class_list":["post-117","page","type-page","status-publish","hentry"],"acf":[],"yoast_head":"<!-- This site is optimized with the Yoast SEO plugin v27.1.1 - https:\/\/yoast.com\/product\/yoast-seo-wordpress\/ -->\n<title>Content page Demo - The Fan Company<\/title>\n<meta name=\"robots\" content=\"index, follow, max-snippet:-1, max-image-preview:large, max-video-preview:-1\" \/>\n<link rel=\"canonical\" href=\"https:\/\/thefancompany.nl\/de\/demo-der-inhaltsseite\/\" \/>\n<meta property=\"og:locale\" content=\"de_DE\" \/>\n<meta property=\"og:type\" content=\"article\" \/>\n<meta property=\"og:title\" content=\"Content page Demo - The Fan Company\" \/>\n<meta property=\"og:description\" content=\"Images Headings and paragraphs h1 &#8211; The Fan Company h2 &#8211; and The Span Element h3 &#8211; The Fan Company h4 &#8211; The Fan Company Paragraph text &#8211; Lorem ipsum dolor sit amet, consectetur adipiscing elit. Etiam in faucibus dui, sed laoreet urna. Nullam eleifend erat vel urna fermentum, vel bibendum nisi sollicitudin. Suspendisse congue [&hellip;]\" \/>\n<meta property=\"og:url\" content=\"https:\/\/thefancompany.nl\/de\/demo-der-inhaltsseite\/\" \/>\n<meta property=\"og:site_name\" content=\"The Fan Company\" \/>\n<meta property=\"og:image\" content=\"https:\/\/thefancompany.nl\/wp-content\/uploads\/2023\/07\/products-busket-700x572.png\" \/>\n<meta name=\"twitter:card\" content=\"summary_large_image\" \/>\n<meta name=\"twitter:label1\" content=\"Gesch\u00e4tzte Lesezeit\" \/>\n\t<meta name=\"twitter:data1\" content=\"2\u00a0Minuten\" \/>\n<script type=\"application\/ld+json\" class=\"yoast-schema-graph\">{\"@context\":\"https:\/\/schema.org\",\"@graph\":[{\"@type\":\"WebPage\",\"@id\":\"https:\/\/thefancompany.nl\/content-page-demo\/\",\"url\":\"https:\/\/thefancompany.nl\/content-page-demo\/\",\"name\":\"Content page Demo - The Fan Company\",\"isPartOf\":{\"@id\":\"https:\/\/thefancompany.nl\/#website\"},\"primaryImageOfPage\":{\"@id\":\"https:\/\/thefancompany.nl\/content-page-demo\/#primaryimage\"},\"image\":{\"@id\":\"https:\/\/thefancompany.nl\/content-page-demo\/#primaryimage\"},\"thumbnailUrl\":\"https:\/\/thefancompany.nl\/wp-content\/uploads\/2023\/07\/products-busket-700x572.png\",\"datePublished\":\"2023-07-19T03:42:12+00:00\",\"breadcrumb\":{\"@id\":\"https:\/\/thefancompany.nl\/content-page-demo\/#breadcrumb\"},\"inLanguage\":\"de\",\"potentialAction\":[{\"@type\":\"ReadAction\",\"target\":[\"https:\/\/thefancompany.nl\/content-page-demo\/\"]}]},{\"@type\":\"ImageObject\",\"inLanguage\":\"de\",\"@id\":\"https:\/\/thefancompany.nl\/content-page-demo\/#primaryimage\",\"url\":\"https:\/\/thefancompany.nl\/wp-content\/uploads\/2023\/07\/products-busket-700x572.png\",\"contentUrl\":\"https:\/\/thefancompany.nl\/wp-content\/uploads\/2023\/07\/products-busket-700x572.png\"},{\"@type\":\"BreadcrumbList\",\"@id\":\"https:\/\/thefancompany.nl\/content-page-demo\/#breadcrumb\",\"itemListElement\":[{\"@type\":\"ListItem\",\"position\":1,\"name\":\"Home\",\"item\":\"https:\/\/thefancompany.nl\/\"},{\"@type\":\"ListItem\",\"position\":2,\"name\":\"Content page Demo\"}]},{\"@type\":\"WebSite\",\"@id\":\"https:\/\/thefancompany.nl\/#website\",\"url\":\"https:\/\/thefancompany.nl\/\",\"name\":\"The Fan Company\",\"description\":\"The Fan Company is d\u00e9 leverancier van blowers voor springkussens en springkastelen.\",\"publisher\":{\"@id\":\"https:\/\/thefancompany.nl\/#organization\"},\"potentialAction\":[{\"@type\":\"SearchAction\",\"target\":{\"@type\":\"EntryPoint\",\"urlTemplate\":\"https:\/\/thefancompany.nl\/?s={search_term_string}\"},\"query-input\":{\"@type\":\"PropertyValueSpecification\",\"valueRequired\":true,\"valueName\":\"search_term_string\"}}],\"inLanguage\":\"de\"},{\"@type\":\"Organization\",\"@id\":\"https:\/\/thefancompany.nl\/#organization\",\"name\":\"The Fan Company\",\"url\":\"https:\/\/thefancompany.nl\/\",\"logo\":{\"@type\":\"ImageObject\",\"inLanguage\":\"de\",\"@id\":\"https:\/\/thefancompany.nl\/#\/schema\/logo\/image\/\",\"url\":\"https:\/\/thefancompany.nl\/wp-content\/uploads\/2023\/07\/logo-Fancom-PMS.svg\",\"contentUrl\":\"https:\/\/thefancompany.nl\/wp-content\/uploads\/2023\/07\/logo-Fancom-PMS.svg\",\"width\":100,\"height\":100,\"caption\":\"The Fan Company\"},\"image\":{\"@id\":\"https:\/\/thefancompany.nl\/#\/schema\/logo\/image\/\"}}]}<\/script>\n<!-- \/ Yoast SEO plugin. -->","yoast_head_json":{"title":"Inhaltsseite Demo \u2013 The Fan Company","robots":{"index":"index","follow":"follow","max-snippet":"max-snippet:-1","max-image-preview":"max-image-preview:large","max-video-preview":"max-video-preview:-1"},"canonical":"https:\/\/thefancompany.nl\/de\/demo-der-inhaltsseite\/","og_locale":"de_DE","og_type":"article","og_title":"Content page Demo - The Fan Company","og_description":"Images Headings and paragraphs h1 &#8211; The Fan Company h2 &#8211; and The Span Element h3 &#8211; The Fan Company h4 &#8211; The Fan Company Paragraph text &#8211; Lorem ipsum dolor sit amet, consectetur adipiscing elit. Etiam in faucibus dui, sed laoreet urna. Nullam eleifend erat vel urna fermentum, vel bibendum nisi sollicitudin. Suspendisse congue [&hellip;]","og_url":"https:\/\/thefancompany.nl\/de\/demo-der-inhaltsseite\/","og_site_name":"The Fan Company","og_image":[{"url":"https:\/\/thefancompany.nl\/wp-content\/uploads\/2023\/07\/products-busket-700x572.png","type":"","width":"","height":""}],"twitter_card":"summary_large_image","twitter_misc":{"Gesch\u00e4tzte Lesezeit":"2\u00a0Minuten"},"schema":{"@context":"https:\/\/schema.org","@graph":[{"@type":"WebPage","@id":"https:\/\/thefancompany.nl\/content-page-demo\/","url":"https:\/\/thefancompany.nl\/content-page-demo\/","name":"Inhaltsseite Demo \u2013 The Fan Company","isPartOf":{"@id":"https:\/\/thefancompany.nl\/#website"},"primaryImageOfPage":{"@id":"https:\/\/thefancompany.nl\/content-page-demo\/#primaryimage"},"image":{"@id":"https:\/\/thefancompany.nl\/content-page-demo\/#primaryimage"},"thumbnailUrl":"https:\/\/thefancompany.nl\/wp-content\/uploads\/2023\/07\/products-busket-700x572.png","datePublished":"2023-07-19T03:42:12+00:00","breadcrumb":{"@id":"https:\/\/thefancompany.nl\/content-page-demo\/#breadcrumb"},"inLanguage":"de","potentialAction":[{"@type":"ReadAction","target":["https:\/\/thefancompany.nl\/content-page-demo\/"]}]},{"@type":"ImageObject","inLanguage":"de","@id":"https:\/\/thefancompany.nl\/content-page-demo\/#primaryimage","url":"https:\/\/thefancompany.nl\/wp-content\/uploads\/2023\/07\/products-busket-700x572.png","contentUrl":"https:\/\/thefancompany.nl\/wp-content\/uploads\/2023\/07\/products-busket-700x572.png"},{"@type":"BreadcrumbList","@id":"https:\/\/thefancompany.nl\/content-page-demo\/#breadcrumb","itemListElement":[{"@type":"ListItem","position":1,"name":"Home","item":"https:\/\/thefancompany.nl\/"},{"@type":"ListItem","position":2,"name":"Content page Demo"}]},{"@type":"WebSite","@id":"https:\/\/thefancompany.nl\/#website","url":"https:\/\/thefancompany.nl\/","name":"Die Fan Company","description":"The Fan Company ist der Lieferant von Gebl\u00e4sen f\u00fcr aufblasbare Burgen und H\u00fcpfburgen.","publisher":{"@id":"https:\/\/thefancompany.nl\/#organization"},"potentialAction":[{"@type":"SearchAction","target":{"@type":"EntryPoint","urlTemplate":"https:\/\/thefancompany.nl\/?s={search_term_string}"},"query-input":{"@type":"PropertyValueSpecification","valueRequired":true,"valueName":"search_term_string"}}],"inLanguage":"de"},{"@type":"Organization","@id":"https:\/\/thefancompany.nl\/#organization","name":"Die Fan Company","url":"https:\/\/thefancompany.nl\/","logo":{"@type":"ImageObject","inLanguage":"de","@id":"https:\/\/thefancompany.nl\/#\/schema\/logo\/image\/","url":"https:\/\/thefancompany.nl\/wp-content\/uploads\/2023\/07\/logo-Fancom-PMS.svg","contentUrl":"https:\/\/thefancompany.nl\/wp-content\/uploads\/2023\/07\/logo-Fancom-PMS.svg","width":100,"height":100,"caption":"The Fan Company"},"image":{"@id":"https:\/\/thefancompany.nl\/#\/schema\/logo\/image\/"}}]}},"_links":{"self":[{"href":"https:\/\/thefancompany.nl\/de\/wp-json\/wp\/v2\/pages\/117","targetHints":{"allow":["GET"]}}],"collection":[{"href":"https:\/\/thefancompany.nl\/de\/wp-json\/wp\/v2\/pages"}],"about":[{"href":"https:\/\/thefancompany.nl\/de\/wp-json\/wp\/v2\/types\/page"}],"author":[{"embeddable":true,"href":"https:\/\/thefancompany.nl\/de\/wp-json\/wp\/v2\/users\/3"}],"replies":[{"embeddable":true,"href":"https:\/\/thefancompany.nl\/de\/wp-json\/wp\/v2\/comments?post=117"}],"version-history":[{"count":0,"href":"https:\/\/thefancompany.nl\/de\/wp-json\/wp\/v2\/pages\/117\/revisions"}],"wp:attachment":[{"href":"https:\/\/thefancompany.nl\/de\/wp-json\/wp\/v2\/media?parent=117"}],"curies":[{"name":"wp","href":"https:\/\/api.w.org\/{rel}","templated":true}]}}