{"id":119,"date":"2023-07-19T03:41:55","date_gmt":"2023-07-19T03:41:55","guid":{"rendered":"https:\/\/thefancompany.nl\/?page_id=119"},"modified":"2023-07-20T07:27:52","modified_gmt":"2023-07-20T07:27:52","slug":"inhaltsseite-gutenberg","status":"publish","type":"page","link":"https:\/\/thefancompany.nl\/de\/content-page-gutenberg\/","title":{"rendered":"Inhaltsseite Gutenberg"},"content":{"rendered":"<div class=\"wp-block-columns is-layout-flex wp-container-core-columns-is-layout-9d6595d7 wp-block-columns-is-layout-flex\">\n<div class=\"wp-block-column is-layout-flow wp-block-column-is-layout-flow\">\n<figure class=\"wp-block-image size-large\"><img loading=\"lazy\" decoding=\"async\" width=\"700\" height=\"572\" src=\"https:\/\/thefancompany.nl\/wp-content\/uploads\/2023\/07\/products-busket-700x572.png\" alt=\"\" class=\"wp-image-62\" srcset=\"https:\/\/thefancompany.nl\/wp-content\/uploads\/2023\/07\/products-busket-700x572.png 700w, https:\/\/thefancompany.nl\/wp-content\/uploads\/2023\/07\/products-busket-300x245.png 300w, https:\/\/thefancompany.nl\/wp-content\/uploads\/2023\/07\/products-busket-800x654.png 800w, https:\/\/thefancompany.nl\/wp-content\/uploads\/2023\/07\/products-busket-250x204.png 250w, https:\/\/thefancompany.nl\/wp-content\/uploads\/2023\/07\/products-busket-768x627.png 768w, https:\/\/thefancompany.nl\/wp-content\/uploads\/2023\/07\/products-busket-120x98.png 120w, https:\/\/thefancompany.nl\/wp-content\/uploads\/2023\/07\/products-busket-150x123.png 150w, https:\/\/thefancompany.nl\/wp-content\/uploads\/2023\/07\/products-busket.png 847w\" sizes=\"auto, (max-width: 700px) 100vw, 700px\" \/><\/figure>\n<\/div>\n\n\n\n<div class=\"wp-block-column is-layout-flow wp-block-column-is-layout-flow\">\n<figure class=\"wp-block-image size-full\"><img decoding=\"async\" src=\"https:\/\/thefancompany.nl\/wp-content\/uploads\/2023\/07\/Image-8@2x.png\" alt=\"\" class=\"wp-image-57\"\/><\/figure>\n<\/div>\n\n\n\n<div class=\"wp-block-column is-layout-flow wp-block-column-is-layout-flow\">\n<figure class=\"wp-block-image size-full\"><img loading=\"lazy\" decoding=\"async\" width=\"400\" height=\"350\" src=\"https:\/\/thefancompany.nl\/wp-content\/uploads\/2023\/07\/Image-3@2x.png\" alt=\"\" class=\"wp-image-55\" srcset=\"https:\/\/thefancompany.nl\/wp-content\/uploads\/2023\/07\/Image-3@2x.png 400w, https:\/\/thefancompany.nl\/wp-content\/uploads\/2023\/07\/Image-3@2x-300x263.png 300w, https:\/\/thefancompany.nl\/wp-content\/uploads\/2023\/07\/Image-3@2x-250x219.png 250w, https:\/\/thefancompany.nl\/wp-content\/uploads\/2023\/07\/Image-3@2x-120x105.png 120w, https:\/\/thefancompany.nl\/wp-content\/uploads\/2023\/07\/Image-3@2x-150x131.png 150w\" sizes=\"auto, (max-width: 400px) 100vw, 400px\" \/><\/figure>\n<\/div>\n<\/div>\n\n\n\n<h2 class=\"wp-block-heading\">\u00dcberschriften und Abs\u00e4tze<\/h2>\n\n\n\n<h1 class=\"wp-block-heading\">h1 \u2013 Die Fan Company<\/h1>\n\n\n\n<h2 class=\"wp-block-heading\">h2 \u2013 und das Span-Element<\/h2>\n\n\n\n<h3 class=\"wp-block-heading\">h3 \u2013 The Fan Company<\/h3>\n\n\n\n<h4 class=\"wp-block-heading\">h4 \u2013 Die Fan Company<\/h4>\n\n\n\n<p>Absatztext \u2013 Lorem ipsum dolor sit amet, consectetur adipiscing elit. Etiam in faucibus dui, sed laoreet urna. Nullam eleifend erat vel urna fermentum, vel bibendum nisi siticitudin. Suspendisse congue non risus in efficitur. Maecenas at neque blandit, Vestibulum nunc ut, pulvinar nisi. Integrit\u00e4t nicht erat lectus. Curabitur sit amet luctus lectus. Phasellus ornare nunc leo. Fusce ac mi consequat, luctus elit vel, Fahrzeug ex. Curabitur non purus vel magna feugiat pharetra. Aliquam dictum aliquam nunc eu Autor.<\/p>\n\n\n\n<p><a href=\"https:\/\/thefancompany.nl\/de\/?page_id=117\">Linkbeispiel<\/a><\/p>\n\n\n\n<p>Sie k\u00f6nnen jeden Link oder jede Schaltfl\u00e4che in die gleiche Stilschaltfl\u00e4che umwandeln, wenn Sie die Klasse \u201e<strong>Taste<\/strong>\u201d dazu.<\/p>\n\n\n\n<p class=\"button\"><a href=\"https:\/\/thefancompany.nl\/de\/?page_id=117\">Linkbeispiel<\/a> mit der zum Block hinzugef\u00fcgten Klasse \u201ebutton\u201c.<\/p>\n\n\n\n<div class=\"wp-block-buttons is-layout-flex wp-block-buttons-is-layout-flex\">\n<div class=\"wp-block-button has-custom-font-size button is-style-fill has-medium-font-size\"><a class=\"wp-block-button__link wp-element-button\">Button-Beispiel mit der Klasse \u201ebutton\u201c<\/a><\/div>\n<\/div>\n\n\n\n<h2 class=\"wp-block-heading\">Beschreibungslisten<\/h2>\n\n\n\n<p>BeschreibungslistenEine Beschreibungsliste eignet sich perfekt zum Definieren von Begriffen.BegriffDefinition f\u00fcr den Begriff.Eine zweite Definition f\u00fcr denselben Begriff.Ein anderer BegriffDefinition f\u00fcr diesen anderen Begriff.<\/p>\n\n\n\n<h2 class=\"wp-block-heading\">Listen<\/h2>\n\n\n\n<ul class=\"wp-block-list\">\n<li>Bei allen Listen wurde der obere Rand entfernt<\/li>\n\n\n\n<li>Und ihr unterer Rand normalisierte sich<\/li>\n\n\n\n<li>Verschachtelte Listen haben keinen unteren Rand\n<ul class=\"wp-block-list\">\n<li>Dadurch erhalten sie ein gleichm\u00e4\u00dfigeres Aussehen<\/li>\n\n\n\n<li>Vor allem, wenn weitere Listenelemente folgen<\/li>\n<\/ul>\n<\/li>\n\n\n\n<li>Auch die linke Polsterung wurde zur\u00fcckgesetzt<\/li>\n<\/ul>\n\n\n\n<ol class=\"wp-block-list\">\n<li>Hier ist eine geordnete Liste<\/li>\n\n\n\n<li>Mit ein paar Listeneintr\u00e4gen<\/li>\n\n\n\n<li>Es hat das gleiche Gesamtbild<\/li>\n\n\n\n<li>Wie die vorherige ungeordnete Liste<\/li>\n<\/ol>\n\n\n\n<h2 class=\"wp-block-heading\">Tische<\/h2>\n\n\n\n<figure class=\"wp-block-table\"><table><thead><tr><th>Tabellen\u00fcberschrift<\/th><th>Tabellen\u00fcberschrift<\/th><th>Tabellen\u00fcberschrift<\/th><th>Tabellen\u00fcberschrift<\/th><\/tr><\/thead><tbody><tr><td>Tabellenzelle<\/td><td>Tabellenzelle<\/td><td>Tabellenzelle<\/td><td>Tabellenzelle<\/td><\/tr><tr><td>Tabellenzelle<\/td><td>Tabellenzelle<\/td><td>Tabellenzelle<\/td><td>Tabellenzelle<\/td><\/tr><tr><td>Tabellenzelle<\/td><td>Tabellenzelle<\/td><td>Tabellenzelle<\/td><td>Tabellenzelle<\/td><\/tr><\/tbody><\/table><\/figure>\n\n\n\n<p><\/p>","protected":false},"excerpt":{"rendered":"<p>Headings and paragraphs h1 \u2013 The Fan Company h2 \u2013 and The&nbsp;Span&nbsp;Element h3 \u2013 The Fan Company h4 \u2013 The Fan Company Paragraph text \u2013 Lorem ipsum dolor sit amet, consectetur adipiscing elit. Etiam in faucibus dui, sed laoreet urna. Nullam eleifend erat vel urna fermentum, vel bibendum nisi sollicitudin. Suspendisse congue non risus in [&hellip;]<\/p>\n","protected":false},"author":1,"featured_media":0,"parent":0,"menu_order":0,"comment_status":"closed","ping_status":"closed","template":"","meta":{"_acf_changed":false,"footnotes":""},"class_list":["post-119","page","type-page","status-publish","hentry"],"acf":[],"yoast_head":"<!-- This site is optimized with the Yoast SEO plugin v27.1.1 - https:\/\/yoast.com\/product\/yoast-seo-wordpress\/ -->\n<title>Content Page Gutenberg - The Fan Company<\/title>\n<meta name=\"robots\" content=\"index, follow, max-snippet:-1, max-image-preview:large, max-video-preview:-1\" \/>\n<link rel=\"canonical\" href=\"https:\/\/thefancompany.nl\/de\/inhaltsseite-gutenberg\/\" \/>\n<meta property=\"og:locale\" content=\"de_DE\" \/>\n<meta property=\"og:type\" content=\"article\" \/>\n<meta property=\"og:title\" content=\"Content Page Gutenberg - The Fan Company\" \/>\n<meta property=\"og:description\" content=\"Headings and paragraphs h1 \u2013 The Fan Company h2 \u2013 and The&nbsp;Span&nbsp;Element h3 \u2013 The Fan Company h4 \u2013 The Fan Company Paragraph text \u2013 Lorem ipsum dolor sit amet, consectetur adipiscing elit. Etiam in faucibus dui, sed laoreet urna. Nullam eleifend erat vel urna fermentum, vel bibendum nisi sollicitudin. Suspendisse congue non risus in [&hellip;]\" \/>\n<meta property=\"og:url\" content=\"https:\/\/thefancompany.nl\/de\/inhaltsseite-gutenberg\/\" \/>\n<meta property=\"og:site_name\" content=\"The Fan Company\" \/>\n<meta property=\"article:modified_time\" content=\"2023-07-20T07:27:52+00:00\" \/>\n<meta property=\"og:image\" content=\"https:\/\/thefancompany.nl\/wp-content\/uploads\/2023\/07\/products-busket-700x572.png\" \/>\n<meta name=\"twitter:card\" content=\"summary_large_image\" \/>\n<meta name=\"twitter:label1\" content=\"Gesch\u00e4tzte Lesezeit\" \/>\n\t<meta name=\"twitter:data1\" content=\"1\u00a0Minute\" \/>\n<script type=\"application\/ld+json\" class=\"yoast-schema-graph\">{\"@context\":\"https:\/\/schema.org\",\"@graph\":[{\"@type\":\"WebPage\",\"@id\":\"https:\/\/thefancompany.nl\/content-page-gutenberg\/\",\"url\":\"https:\/\/thefancompany.nl\/content-page-gutenberg\/\",\"name\":\"Content Page Gutenberg - The Fan Company\",\"isPartOf\":{\"@id\":\"https:\/\/thefancompany.nl\/#website\"},\"primaryImageOfPage\":{\"@id\":\"https:\/\/thefancompany.nl\/content-page-gutenberg\/#primaryimage\"},\"image\":{\"@id\":\"https:\/\/thefancompany.nl\/content-page-gutenberg\/#primaryimage\"},\"thumbnailUrl\":\"https:\/\/thefancompany.nl\/wp-content\/uploads\/2023\/07\/products-busket-700x572.png\",\"datePublished\":\"2023-07-19T03:41:55+00:00\",\"dateModified\":\"2023-07-20T07:27:52+00:00\",\"breadcrumb\":{\"@id\":\"https:\/\/thefancompany.nl\/content-page-gutenberg\/#breadcrumb\"},\"inLanguage\":\"de\",\"potentialAction\":[{\"@type\":\"ReadAction\",\"target\":[\"https:\/\/thefancompany.nl\/content-page-gutenberg\/\"]}]},{\"@type\":\"ImageObject\",\"inLanguage\":\"de\",\"@id\":\"https:\/\/thefancompany.nl\/content-page-gutenberg\/#primaryimage\",\"url\":\"https:\/\/thefancompany.nl\/wp-content\/uploads\/2023\/07\/products-busket-700x572.png\",\"contentUrl\":\"https:\/\/thefancompany.nl\/wp-content\/uploads\/2023\/07\/products-busket-700x572.png\"},{\"@type\":\"BreadcrumbList\",\"@id\":\"https:\/\/thefancompany.nl\/content-page-gutenberg\/#breadcrumb\",\"itemListElement\":[{\"@type\":\"ListItem\",\"position\":1,\"name\":\"Home\",\"item\":\"https:\/\/thefancompany.nl\/\"},{\"@type\":\"ListItem\",\"position\":2,\"name\":\"Content Page Gutenberg\"}]},{\"@type\":\"WebSite\",\"@id\":\"https:\/\/thefancompany.nl\/#website\",\"url\":\"https:\/\/thefancompany.nl\/\",\"name\":\"The Fan Company\",\"description\":\"The Fan Company is d\u00e9 leverancier van blowers voor springkussens en springkastelen.\",\"publisher\":{\"@id\":\"https:\/\/thefancompany.nl\/#organization\"},\"potentialAction\":[{\"@type\":\"SearchAction\",\"target\":{\"@type\":\"EntryPoint\",\"urlTemplate\":\"https:\/\/thefancompany.nl\/?s={search_term_string}\"},\"query-input\":{\"@type\":\"PropertyValueSpecification\",\"valueRequired\":true,\"valueName\":\"search_term_string\"}}],\"inLanguage\":\"de\"},{\"@type\":\"Organization\",\"@id\":\"https:\/\/thefancompany.nl\/#organization\",\"name\":\"The Fan Company\",\"url\":\"https:\/\/thefancompany.nl\/\",\"logo\":{\"@type\":\"ImageObject\",\"inLanguage\":\"de\",\"@id\":\"https:\/\/thefancompany.nl\/#\/schema\/logo\/image\/\",\"url\":\"https:\/\/thefancompany.nl\/wp-content\/uploads\/2023\/07\/logo-Fancom-PMS.svg\",\"contentUrl\":\"https:\/\/thefancompany.nl\/wp-content\/uploads\/2023\/07\/logo-Fancom-PMS.svg\",\"width\":100,\"height\":100,\"caption\":\"The Fan Company\"},\"image\":{\"@id\":\"https:\/\/thefancompany.nl\/#\/schema\/logo\/image\/\"}}]}<\/script>\n<!-- \/ Yoast SEO plugin. -->","yoast_head_json":{"title":"Inhaltsseite Gutenberg - The Fan Company","robots":{"index":"index","follow":"follow","max-snippet":"max-snippet:-1","max-image-preview":"max-image-preview:large","max-video-preview":"max-video-preview:-1"},"canonical":"https:\/\/thefancompany.nl\/de\/inhaltsseite-gutenberg\/","og_locale":"de_DE","og_type":"article","og_title":"Content Page Gutenberg - The Fan Company","og_description":"Headings and paragraphs h1 \u2013 The Fan Company h2 \u2013 and The&nbsp;Span&nbsp;Element h3 \u2013 The Fan Company h4 \u2013 The Fan Company Paragraph text \u2013 Lorem ipsum dolor sit amet, consectetur adipiscing elit. Etiam in faucibus dui, sed laoreet urna. Nullam eleifend erat vel urna fermentum, vel bibendum nisi sollicitudin. Suspendisse congue non risus in [&hellip;]","og_url":"https:\/\/thefancompany.nl\/de\/inhaltsseite-gutenberg\/","og_site_name":"The Fan Company","article_modified_time":"2023-07-20T07:27:52+00:00","og_image":[{"url":"https:\/\/thefancompany.nl\/wp-content\/uploads\/2023\/07\/products-busket-700x572.png","type":"","width":"","height":""}],"twitter_card":"summary_large_image","twitter_misc":{"Gesch\u00e4tzte Lesezeit":"1\u00a0Minute"},"schema":{"@context":"https:\/\/schema.org","@graph":[{"@type":"WebPage","@id":"https:\/\/thefancompany.nl\/content-page-gutenberg\/","url":"https:\/\/thefancompany.nl\/content-page-gutenberg\/","name":"Inhaltsseite Gutenberg - The Fan Company","isPartOf":{"@id":"https:\/\/thefancompany.nl\/#website"},"primaryImageOfPage":{"@id":"https:\/\/thefancompany.nl\/content-page-gutenberg\/#primaryimage"},"image":{"@id":"https:\/\/thefancompany.nl\/content-page-gutenberg\/#primaryimage"},"thumbnailUrl":"https:\/\/thefancompany.nl\/wp-content\/uploads\/2023\/07\/products-busket-700x572.png","datePublished":"2023-07-19T03:41:55+00:00","dateModified":"2023-07-20T07:27:52+00:00","breadcrumb":{"@id":"https:\/\/thefancompany.nl\/content-page-gutenberg\/#breadcrumb"},"inLanguage":"de","potentialAction":[{"@type":"ReadAction","target":["https:\/\/thefancompany.nl\/content-page-gutenberg\/"]}]},{"@type":"ImageObject","inLanguage":"de","@id":"https:\/\/thefancompany.nl\/content-page-gutenberg\/#primaryimage","url":"https:\/\/thefancompany.nl\/wp-content\/uploads\/2023\/07\/products-busket-700x572.png","contentUrl":"https:\/\/thefancompany.nl\/wp-content\/uploads\/2023\/07\/products-busket-700x572.png"},{"@type":"BreadcrumbList","@id":"https:\/\/thefancompany.nl\/content-page-gutenberg\/#breadcrumb","itemListElement":[{"@type":"ListItem","position":1,"name":"Home","item":"https:\/\/thefancompany.nl\/"},{"@type":"ListItem","position":2,"name":"Content Page Gutenberg"}]},{"@type":"WebSite","@id":"https:\/\/thefancompany.nl\/#website","url":"https:\/\/thefancompany.nl\/","name":"Die Fan Company","description":"The Fan Company ist der Lieferant von Gebl\u00e4sen f\u00fcr aufblasbare Burgen und H\u00fcpfburgen.","publisher":{"@id":"https:\/\/thefancompany.nl\/#organization"},"potentialAction":[{"@type":"SearchAction","target":{"@type":"EntryPoint","urlTemplate":"https:\/\/thefancompany.nl\/?s={search_term_string}"},"query-input":{"@type":"PropertyValueSpecification","valueRequired":true,"valueName":"search_term_string"}}],"inLanguage":"de"},{"@type":"Organization","@id":"https:\/\/thefancompany.nl\/#organization","name":"Die Fan Company","url":"https:\/\/thefancompany.nl\/","logo":{"@type":"ImageObject","inLanguage":"de","@id":"https:\/\/thefancompany.nl\/#\/schema\/logo\/image\/","url":"https:\/\/thefancompany.nl\/wp-content\/uploads\/2023\/07\/logo-Fancom-PMS.svg","contentUrl":"https:\/\/thefancompany.nl\/wp-content\/uploads\/2023\/07\/logo-Fancom-PMS.svg","width":100,"height":100,"caption":"The Fan Company"},"image":{"@id":"https:\/\/thefancompany.nl\/#\/schema\/logo\/image\/"}}]}},"_links":{"self":[{"href":"https:\/\/thefancompany.nl\/de\/wp-json\/wp\/v2\/pages\/119","targetHints":{"allow":["GET"]}}],"collection":[{"href":"https:\/\/thefancompany.nl\/de\/wp-json\/wp\/v2\/pages"}],"about":[{"href":"https:\/\/thefancompany.nl\/de\/wp-json\/wp\/v2\/types\/page"}],"author":[{"embeddable":true,"href":"https:\/\/thefancompany.nl\/de\/wp-json\/wp\/v2\/users\/1"}],"replies":[{"embeddable":true,"href":"https:\/\/thefancompany.nl\/de\/wp-json\/wp\/v2\/comments?post=119"}],"version-history":[{"count":0,"href":"https:\/\/thefancompany.nl\/de\/wp-json\/wp\/v2\/pages\/119\/revisions"}],"wp:attachment":[{"href":"https:\/\/thefancompany.nl\/de\/wp-json\/wp\/v2\/media?parent=119"}],"curies":[{"name":"wp","href":"https:\/\/api.w.org\/{rel}","templated":true}]}}