{"id":20,"date":"2023-07-11T13:46:00","date_gmt":"2023-07-11T13:46:00","guid":{"rendered":"https:\/\/thefancompany.nl\/winkel\/"},"modified":"2023-07-27T13:00:08","modified_gmt":"2023-07-27T13:00:08","slug":"produkte","status":"publish","type":"page","link":"https:\/\/thefancompany.nl\/de\/producten\/","title":{"rendered":"Nachhaltiges Gebl\u00e4se f\u00fcr aufblasbare Burgen"},"content":{"rendered":"<p class=\"has-text-align-center\">Gebl\u00e4se von The Fan Company sind speziell f\u00fcr das Aufblasen und Aufrechterhalten des Drucks auf gro\u00dfen Werbeobjekten und aufblasbaren H\u00fcpfburgen konzipiert. Die Ventilatoren lassen sich einfach an die Huepfburgen anschlie\u00dfen.<\/p>","protected":false},"excerpt":{"rendered":"<p>Gebl\u00e4se von The Fan Company sind speziell f\u00fcr das Aufblasen und Aufrechterhalten des Drucks auf gro\u00dfen Werbeobjekten und aufblasbaren H\u00fcpfburgen konzipiert. Die Ventilatoren lassen sich einfach an die Huepfburgen anschlie\u00dfen.<\/p>","protected":false},"author":1,"featured_media":0,"parent":0,"menu_order":0,"comment_status":"closed","ping_status":"closed","template":"","meta":{"_acf_changed":false,"footnotes":""},"class_list":["post-20","page","type-page","status-publish","hentry"],"acf":[],"yoast_head":"<!-- This site is optimized with the Yoast SEO plugin v27.1.1 - https:\/\/yoast.com\/product\/yoast-seo-wordpress\/ -->\n<title>Duurzame blower voor springkussens - The Fan Company<\/title>\n<meta name=\"robots\" content=\"index, follow, max-snippet:-1, max-image-preview:large, max-video-preview:-1\" \/>\n<link rel=\"canonical\" href=\"https:\/\/thefancompany.nl\/de\/produkte\/\" \/>\n<meta property=\"og:locale\" content=\"de_DE\" \/>\n<meta property=\"og:type\" content=\"article\" \/>\n<meta property=\"og:title\" content=\"Duurzame blower voor springkussens - The Fan Company\" \/>\n<meta property=\"og:description\" content=\"Blowers van The Fan Company zijn speciaal ontworpen voor het opblazen en op druk houden van grote reclameobjecten en springkussens. De ventilatoren zijn eenvoudig aan te sluiten op de springkussens.\" \/>\n<meta property=\"og:url\" content=\"https:\/\/thefancompany.nl\/de\/produkte\/\" \/>\n<meta property=\"og:site_name\" content=\"The Fan Company\" \/>\n<meta property=\"article:modified_time\" content=\"2023-07-27T13:00:08+00:00\" \/>\n<meta name=\"twitter:card\" content=\"summary_large_image\" \/>\n<script type=\"application\/ld+json\" class=\"yoast-schema-graph\">{\"@context\":\"https:\/\/schema.org\",\"@graph\":[{\"@type\":\"WebPage\",\"@id\":\"https:\/\/thefancompany.nl\/producten\/\",\"url\":\"https:\/\/thefancompany.nl\/producten\/\",\"name\":\"Duurzame blower voor springkussens - The Fan Company\",\"isPartOf\":{\"@id\":\"https:\/\/thefancompany.nl\/#website\"},\"datePublished\":\"2023-07-11T13:46:00+00:00\",\"dateModified\":\"2023-07-27T13:00:08+00:00\",\"breadcrumb\":{\"@id\":\"https:\/\/thefancompany.nl\/producten\/#breadcrumb\"},\"inLanguage\":\"de\",\"potentialAction\":[{\"@type\":\"ReadAction\",\"target\":[\"https:\/\/thefancompany.nl\/producten\/\"]}]},{\"@type\":\"BreadcrumbList\",\"@id\":\"https:\/\/thefancompany.nl\/producten\/#breadcrumb\",\"itemListElement\":[{\"@type\":\"ListItem\",\"position\":1,\"name\":\"Home\",\"item\":\"https:\/\/thefancompany.nl\/\"},{\"@type\":\"ListItem\",\"position\":2,\"name\":\"Duurzame blower voor springkussens\"}]},{\"@type\":\"WebSite\",\"@id\":\"https:\/\/thefancompany.nl\/#website\",\"url\":\"https:\/\/thefancompany.nl\/\",\"name\":\"The Fan Company\",\"description\":\"The Fan Company is d\u00e9 leverancier van blowers voor springkussens en springkastelen.\",\"publisher\":{\"@id\":\"https:\/\/thefancompany.nl\/#organization\"},\"potentialAction\":[{\"@type\":\"SearchAction\",\"target\":{\"@type\":\"EntryPoint\",\"urlTemplate\":\"https:\/\/thefancompany.nl\/?s={search_term_string}\"},\"query-input\":{\"@type\":\"PropertyValueSpecification\",\"valueRequired\":true,\"valueName\":\"search_term_string\"}}],\"inLanguage\":\"de\"},{\"@type\":\"Organization\",\"@id\":\"https:\/\/thefancompany.nl\/#organization\",\"name\":\"The Fan Company\",\"url\":\"https:\/\/thefancompany.nl\/\",\"logo\":{\"@type\":\"ImageObject\",\"inLanguage\":\"de\",\"@id\":\"https:\/\/thefancompany.nl\/#\/schema\/logo\/image\/\",\"url\":\"https:\/\/thefancompany.nl\/wp-content\/uploads\/2023\/07\/logo-Fancom-PMS.svg\",\"contentUrl\":\"https:\/\/thefancompany.nl\/wp-content\/uploads\/2023\/07\/logo-Fancom-PMS.svg\",\"width\":100,\"height\":100,\"caption\":\"The Fan Company\"},\"image\":{\"@id\":\"https:\/\/thefancompany.nl\/#\/schema\/logo\/image\/\"}}]}<\/script>\n<!-- \/ Yoast SEO plugin. -->","yoast_head_json":{"title":"Nachhaltiges Gebl\u00e4se f\u00fcr aufblasbare Burgen \u2013 The Fan Company","robots":{"index":"index","follow":"follow","max-snippet":"max-snippet:-1","max-image-preview":"max-image-preview:large","max-video-preview":"max-video-preview:-1"},"canonical":"https:\/\/thefancompany.nl\/de\/produkte\/","og_locale":"de_DE","og_type":"article","og_title":"Duurzame blower voor springkussens - The Fan Company","og_description":"Blowers van The Fan Company zijn speciaal ontworpen voor het opblazen en op druk houden van grote reclameobjecten en springkussens. De ventilatoren zijn eenvoudig aan te sluiten op de springkussens.","og_url":"https:\/\/thefancompany.nl\/de\/produkte\/","og_site_name":"The Fan Company","article_modified_time":"2023-07-27T13:00:08+00:00","twitter_card":"summary_large_image","schema":{"@context":"https:\/\/schema.org","@graph":[{"@type":"WebPage","@id":"https:\/\/thefancompany.nl\/producten\/","url":"https:\/\/thefancompany.nl\/producten\/","name":"Nachhaltiges Gebl\u00e4se f\u00fcr aufblasbare Burgen \u2013 The Fan Company","isPartOf":{"@id":"https:\/\/thefancompany.nl\/#website"},"datePublished":"2023-07-11T13:46:00+00:00","dateModified":"2023-07-27T13:00:08+00:00","breadcrumb":{"@id":"https:\/\/thefancompany.nl\/producten\/#breadcrumb"},"inLanguage":"de","potentialAction":[{"@type":"ReadAction","target":["https:\/\/thefancompany.nl\/producten\/"]}]},{"@type":"BreadcrumbList","@id":"https:\/\/thefancompany.nl\/producten\/#breadcrumb","itemListElement":[{"@type":"ListItem","position":1,"name":"Home","item":"https:\/\/thefancompany.nl\/"},{"@type":"ListItem","position":2,"name":"Duurzame blower voor springkussens"}]},{"@type":"WebSite","@id":"https:\/\/thefancompany.nl\/#website","url":"https:\/\/thefancompany.nl\/","name":"Die Fan Company","description":"The Fan Company ist der Lieferant von Gebl\u00e4sen f\u00fcr aufblasbare Burgen und H\u00fcpfburgen.","publisher":{"@id":"https:\/\/thefancompany.nl\/#organization"},"potentialAction":[{"@type":"SearchAction","target":{"@type":"EntryPoint","urlTemplate":"https:\/\/thefancompany.nl\/?s={search_term_string}"},"query-input":{"@type":"PropertyValueSpecification","valueRequired":true,"valueName":"search_term_string"}}],"inLanguage":"de"},{"@type":"Organization","@id":"https:\/\/thefancompany.nl\/#organization","name":"Die Fan Company","url":"https:\/\/thefancompany.nl\/","logo":{"@type":"ImageObject","inLanguage":"de","@id":"https:\/\/thefancompany.nl\/#\/schema\/logo\/image\/","url":"https:\/\/thefancompany.nl\/wp-content\/uploads\/2023\/07\/logo-Fancom-PMS.svg","contentUrl":"https:\/\/thefancompany.nl\/wp-content\/uploads\/2023\/07\/logo-Fancom-PMS.svg","width":100,"height":100,"caption":"The Fan Company"},"image":{"@id":"https:\/\/thefancompany.nl\/#\/schema\/logo\/image\/"}}]}},"_links":{"self":[{"href":"https:\/\/thefancompany.nl\/de\/wp-json\/wp\/v2\/pages\/20","targetHints":{"allow":["GET"]}}],"collection":[{"href":"https:\/\/thefancompany.nl\/de\/wp-json\/wp\/v2\/pages"}],"about":[{"href":"https:\/\/thefancompany.nl\/de\/wp-json\/wp\/v2\/types\/page"}],"author":[{"embeddable":true,"href":"https:\/\/thefancompany.nl\/de\/wp-json\/wp\/v2\/users\/1"}],"replies":[{"embeddable":true,"href":"https:\/\/thefancompany.nl\/de\/wp-json\/wp\/v2\/comments?post=20"}],"version-history":[{"count":0,"href":"https:\/\/thefancompany.nl\/de\/wp-json\/wp\/v2\/pages\/20\/revisions"}],"wp:attachment":[{"href":"https:\/\/thefancompany.nl\/de\/wp-json\/wp\/v2\/media?parent=20"}],"curies":[{"name":"wp","href":"https:\/\/api.w.org\/{rel}","templated":true}]}}