{"id":21,"date":"2023-07-11T13:46:00","date_gmt":"2023-07-11T13:46:00","guid":{"rendered":"https:\/\/thefancompany.nl\/winkelwagen\/"},"modified":"2023-07-11T13:46:00","modified_gmt":"2023-07-11T13:46:00","slug":"einkaufswagen","status":"publish","type":"page","link":"https:\/\/thefancompany.nl\/de\/winkelwagen\/","title":{"rendered":"Einkaufswagen"},"content":{"rendered":"","protected":false},"excerpt":{"rendered":"","protected":false},"author":1,"featured_media":0,"parent":0,"menu_order":0,"comment_status":"closed","ping_status":"closed","template":"","meta":{"_acf_changed":false,"footnotes":""},"class_list":["post-21","page","type-page","status-publish","hentry"],"acf":[],"yoast_head":"<!-- This site is optimized with the Yoast SEO plugin v27.1.1 - https:\/\/yoast.com\/product\/yoast-seo-wordpress\/ -->\n<title>Winkelwagen - The Fan Company<\/title>\n<meta name=\"robots\" content=\"index, follow, max-snippet:-1, max-image-preview:large, max-video-preview:-1\" \/>\n<link rel=\"canonical\" href=\"https:\/\/thefancompany.nl\/de\/shopping-cart-2\/\" \/>\n<meta property=\"og:locale\" content=\"de_DE\" \/>\n<meta property=\"og:type\" content=\"article\" \/>\n<meta property=\"og:title\" content=\"Winkelwagen - The Fan Company\" \/>\n<meta property=\"og:url\" content=\"https:\/\/thefancompany.nl\/de\/shopping-cart-2\/\" \/>\n<meta property=\"og:site_name\" content=\"The Fan Company\" \/>\n<meta name=\"twitter:card\" content=\"summary_large_image\" \/>\n<script type=\"application\/ld+json\" class=\"yoast-schema-graph\">{\"@context\":\"https:\/\/schema.org\",\"@graph\":[{\"@type\":\"WebPage\",\"@id\":\"https:\/\/thefancompany.nl\/en\/shopping-cart-2\/\",\"url\":\"https:\/\/thefancompany.nl\/en\/shopping-cart-2\/\",\"name\":\"Winkelwagen - The Fan Company\",\"isPartOf\":{\"@id\":\"https:\/\/thefancompany.nl\/#website\"},\"datePublished\":\"2023-07-11T13:46:00+00:00\",\"breadcrumb\":{\"@id\":\"https:\/\/thefancompany.nl\/en\/shopping-cart-2\/#breadcrumb\"},\"inLanguage\":\"de\",\"potentialAction\":[{\"@type\":\"ReadAction\",\"target\":[\"https:\/\/thefancompany.nl\/en\/shopping-cart-2\/\"]}]},{\"@type\":\"BreadcrumbList\",\"@id\":\"https:\/\/thefancompany.nl\/en\/shopping-cart-2\/#breadcrumb\",\"itemListElement\":[{\"@type\":\"ListItem\",\"position\":1,\"name\":\"Home\",\"item\":\"https:\/\/thefancompany.nl\/\"},{\"@type\":\"ListItem\",\"position\":2,\"name\":\"Winkelwagen\"}]},{\"@type\":\"WebSite\",\"@id\":\"https:\/\/thefancompany.nl\/#website\",\"url\":\"https:\/\/thefancompany.nl\/\",\"name\":\"The Fan Company\",\"description\":\"The Fan Company is d\u00e9 leverancier van blowers voor springkussens en springkastelen.\",\"publisher\":{\"@id\":\"https:\/\/thefancompany.nl\/#organization\"},\"potentialAction\":[{\"@type\":\"SearchAction\",\"target\":{\"@type\":\"EntryPoint\",\"urlTemplate\":\"https:\/\/thefancompany.nl\/?s={search_term_string}\"},\"query-input\":{\"@type\":\"PropertyValueSpecification\",\"valueRequired\":true,\"valueName\":\"search_term_string\"}}],\"inLanguage\":\"de\"},{\"@type\":\"Organization\",\"@id\":\"https:\/\/thefancompany.nl\/#organization\",\"name\":\"The Fan Company\",\"url\":\"https:\/\/thefancompany.nl\/\",\"logo\":{\"@type\":\"ImageObject\",\"inLanguage\":\"de\",\"@id\":\"https:\/\/thefancompany.nl\/#\/schema\/logo\/image\/\",\"url\":\"https:\/\/thefancompany.nl\/wp-content\/uploads\/2023\/07\/logo-Fancom-PMS.svg\",\"contentUrl\":\"https:\/\/thefancompany.nl\/wp-content\/uploads\/2023\/07\/logo-Fancom-PMS.svg\",\"width\":100,\"height\":100,\"caption\":\"The Fan Company\"},\"image\":{\"@id\":\"https:\/\/thefancompany.nl\/#\/schema\/logo\/image\/\"}}]}<\/script>\n<!-- \/ Yoast SEO plugin. -->","yoast_head_json":{"title":"Warenkorb - The Fan Company","robots":{"index":"index","follow":"follow","max-snippet":"max-snippet:-1","max-image-preview":"max-image-preview:large","max-video-preview":"max-video-preview:-1"},"canonical":"https:\/\/thefancompany.nl\/de\/shopping-cart-2\/","og_locale":"de_DE","og_type":"article","og_title":"Winkelwagen - The Fan Company","og_url":"https:\/\/thefancompany.nl\/de\/shopping-cart-2\/","og_site_name":"The Fan Company","twitter_card":"summary_large_image","schema":{"@context":"https:\/\/schema.org","@graph":[{"@type":"WebPage","@id":"https:\/\/thefancompany.nl\/en\/shopping-cart-2\/","url":"https:\/\/thefancompany.nl\/en\/shopping-cart-2\/","name":"Warenkorb - The Fan Company","isPartOf":{"@id":"https:\/\/thefancompany.nl\/#website"},"datePublished":"2023-07-11T13:46:00+00:00","breadcrumb":{"@id":"https:\/\/thefancompany.nl\/en\/shopping-cart-2\/#breadcrumb"},"inLanguage":"de","potentialAction":[{"@type":"ReadAction","target":["https:\/\/thefancompany.nl\/en\/shopping-cart-2\/"]}]},{"@type":"BreadcrumbList","@id":"https:\/\/thefancompany.nl\/en\/shopping-cart-2\/#breadcrumb","itemListElement":[{"@type":"ListItem","position":1,"name":"Home","item":"https:\/\/thefancompany.nl\/"},{"@type":"ListItem","position":2,"name":"Winkelwagen"}]},{"@type":"WebSite","@id":"https:\/\/thefancompany.nl\/#website","url":"https:\/\/thefancompany.nl\/","name":"Die Fan Company","description":"The Fan Company ist der Lieferant von Gebl\u00e4sen f\u00fcr aufblasbare Burgen und H\u00fcpfburgen.","publisher":{"@id":"https:\/\/thefancompany.nl\/#organization"},"potentialAction":[{"@type":"SearchAction","target":{"@type":"EntryPoint","urlTemplate":"https:\/\/thefancompany.nl\/?s={search_term_string}"},"query-input":{"@type":"PropertyValueSpecification","valueRequired":true,"valueName":"search_term_string"}}],"inLanguage":"de"},{"@type":"Organization","@id":"https:\/\/thefancompany.nl\/#organization","name":"Die Fan Company","url":"https:\/\/thefancompany.nl\/","logo":{"@type":"ImageObject","inLanguage":"de","@id":"https:\/\/thefancompany.nl\/#\/schema\/logo\/image\/","url":"https:\/\/thefancompany.nl\/wp-content\/uploads\/2023\/07\/logo-Fancom-PMS.svg","contentUrl":"https:\/\/thefancompany.nl\/wp-content\/uploads\/2023\/07\/logo-Fancom-PMS.svg","width":100,"height":100,"caption":"The Fan Company"},"image":{"@id":"https:\/\/thefancompany.nl\/#\/schema\/logo\/image\/"}}]}},"_links":{"self":[{"href":"https:\/\/thefancompany.nl\/de\/wp-json\/wp\/v2\/pages\/21","targetHints":{"allow":["GET"]}}],"collection":[{"href":"https:\/\/thefancompany.nl\/de\/wp-json\/wp\/v2\/pages"}],"about":[{"href":"https:\/\/thefancompany.nl\/de\/wp-json\/wp\/v2\/types\/page"}],"author":[{"embeddable":true,"href":"https:\/\/thefancompany.nl\/de\/wp-json\/wp\/v2\/users\/1"}],"replies":[{"embeddable":true,"href":"https:\/\/thefancompany.nl\/de\/wp-json\/wp\/v2\/comments?post=21"}],"version-history":[{"count":0,"href":"https:\/\/thefancompany.nl\/de\/wp-json\/wp\/v2\/pages\/21\/revisions"}],"wp:attachment":[{"href":"https:\/\/thefancompany.nl\/de\/wp-json\/wp\/v2\/media?parent=21"}],"curies":[{"name":"wp","href":"https:\/\/api.w.org\/{rel}","templated":true}]}}