{"id":31,"date":"2023-07-12T06:10:02","date_gmt":"2023-07-12T06:10:02","guid":{"rendered":"https:\/\/thefancompany.nl\/?page_id=31"},"modified":"2024-02-12T07:59:37","modified_gmt":"2024-02-12T06:59:37","slug":"heim","status":"publish","type":"page","link":"https:\/\/thefancompany.nl\/de\/","title":{"rendered":"Heim"},"content":{"rendered":"<div class=\"wp-block-columns is-layout-flex wp-container-core-columns-is-layout-9d6595d7 wp-block-columns-is-layout-flex\">\n<div class=\"wp-block-column is-layout-flow wp-block-column-is-layout-flow\" style=\"flex-basis:55%\">\n<h1 class=\"wp-block-heading\">NACHHALTIG <span>GEBL\u00c4SE<\/span> F\u00fcr H\u00fcpfburgen<\/h1>\n\n\n\n<p>Gebl\u00e4se von The Fan Company sind speziell f\u00fcr das Aufblasen und Aufrechterhalten des Drucks auf gro\u00dfen Werbeobjekten und aufblasbaren H\u00fcpfburgen konzipiert. Die Ventilatoren lassen sich einfach an die aufblasbaren Huepfburgen anschlie\u00dfen.<\/p>\n\n\n\n<p>Neben den Gebl\u00e4sen f\u00fcr aufblasbare H\u00fcpfburgen hat The Fan Company allerlei weitere Gebl\u00e4se im Angebot, die beispielsweise zum Aufblasen von Skydancers und anderen Aufblasbare Werbeobjekten dienen. Werfen Sie daher einen kurzen Blick auf unsere Produkte, um einen vollst\u00e4ndigen \u00dcberblick zu erhalten. <\/p>\n\n\n\n<p><\/p>\n\n\n\n<div class=\"wp-block-buttons is-layout-flex wp-block-buttons-is-layout-flex\">\n<div class=\"wp-block-button\"><a class=\"wp-block-button__link wp-element-button\" href=\"https:\/\/thefancompany.nl\/de\/produkte\/\">Unsere Produkte<\/a><\/div>\n<\/div>\n<\/div>\n\n\n\n<div class=\"wp-block-column is-layout-flow wp-block-column-is-layout-flow\" style=\"flex-basis:45%\">\n<figure class=\"wp-block-image size-full\"><img loading=\"lazy\" decoding=\"async\" width=\"700\" height=\"572\" src=\"https:\/\/thefancompany.nl\/wp-content\/uploads\/2023\/12\/Blowers-voor-springkussens.jpg\" alt=\"Kaufen Sie Gebl\u00e4se f\u00fcr aufblasbare Burgen\" class=\"wp-image-210\" srcset=\"https:\/\/thefancompany.nl\/wp-content\/uploads\/2023\/12\/Blowers-voor-springkussens.jpg 700w, https:\/\/thefancompany.nl\/wp-content\/uploads\/2023\/12\/Blowers-voor-springkussens-300x245.jpg 300w, https:\/\/thefancompany.nl\/wp-content\/uploads\/2023\/12\/Blowers-voor-springkussens-250x204.jpg 250w, https:\/\/thefancompany.nl\/wp-content\/uploads\/2023\/12\/Blowers-voor-springkussens-15x12.jpg 15w, https:\/\/thefancompany.nl\/wp-content\/uploads\/2023\/12\/Blowers-voor-springkussens-120x98.jpg 120w, https:\/\/thefancompany.nl\/wp-content\/uploads\/2023\/12\/Blowers-voor-springkussens-150x123.jpg 150w\" sizes=\"auto, (max-width: 700px) 100vw, 700px\" \/><\/figure>\n<\/div>\n<\/div>","protected":false},"excerpt":{"rendered":"<p>DUURZAME BLOWER VOOR SPRINGKUSSENS Blowers van The Fan Company zijn speciaal ontworpen voor het opblazen en op druk houden van grote reclameobjecten en springkussens. De ventilatoren zijn eenvoudig aan te sluiten op de springkussens en springkastelen. Naast de blowers voor springkussens heeft The Fan Company allerlei andere blazers in de aanbieding die gebruikt worden voor [&hellip;]<\/p>\n","protected":false},"author":1,"featured_media":0,"parent":0,"menu_order":0,"comment_status":"closed","ping_status":"closed","template":"","meta":{"_acf_changed":false,"footnotes":""},"class_list":["post-31","page","type-page","status-publish","hentry"],"acf":[],"yoast_head":"<!-- This site is optimized with the Yoast SEO plugin v27.1.1 - https:\/\/yoast.com\/product\/yoast-seo-wordpress\/ -->\n<title>The Fan Company<\/title>\n<meta name=\"description\" content=\"Blowers van The Fan Company zijn speciaal ontworpen voor het opblazen en op druk houden van grote reclameobjecten en springkussens.\" \/>\n<meta name=\"robots\" content=\"index, follow, max-snippet:-1, max-image-preview:large, max-video-preview:-1\" \/>\n<link rel=\"canonical\" href=\"https:\/\/thefancompany.nl\/de\/\" \/>\n<meta property=\"og:locale\" content=\"de_DE\" \/>\n<meta property=\"og:type\" content=\"article\" \/>\n<meta property=\"og:title\" content=\"The Fan Company\" \/>\n<meta property=\"og:description\" content=\"Blowers van The Fan Company zijn speciaal ontworpen voor het opblazen en op druk houden van grote reclameobjecten en springkussens.\" \/>\n<meta property=\"og:url\" content=\"https:\/\/thefancompany.nl\/de\/\" \/>\n<meta property=\"og:site_name\" content=\"The Fan Company\" \/>\n<meta property=\"article:modified_time\" content=\"2024-02-12T06:59:37+00:00\" \/>\n<meta property=\"og:image\" content=\"https:\/\/thefancompany.nl\/wp-content\/uploads\/2023\/12\/Blowers-voor-springkussens.jpg\" \/>\n<meta name=\"twitter:card\" content=\"summary_large_image\" \/>\n<meta name=\"twitter:label1\" content=\"Gesch\u00e4tzte Lesezeit\" \/>\n\t<meta name=\"twitter:data1\" content=\"1\u00a0Minute\" \/>\n<script type=\"application\/ld+json\" class=\"yoast-schema-graph\">{\"@context\":\"https:\/\/schema.org\",\"@graph\":[{\"@type\":\"WebPage\",\"@id\":\"https:\/\/thefancompany.nl\/\",\"url\":\"https:\/\/thefancompany.nl\/\",\"name\":\"The Fan Company\",\"isPartOf\":{\"@id\":\"https:\/\/thefancompany.nl\/#website\"},\"primaryImageOfPage\":{\"@id\":\"https:\/\/thefancompany.nl\/#primaryimage\"},\"image\":{\"@id\":\"https:\/\/thefancompany.nl\/#primaryimage\"},\"thumbnailUrl\":\"https:\/\/thefancompany.nl\/wp-content\/uploads\/2023\/12\/Blowers-voor-springkussens.jpg\",\"datePublished\":\"2023-07-12T06:10:02+00:00\",\"dateModified\":\"2024-02-12T06:59:37+00:00\",\"description\":\"Blowers van The Fan Company zijn speciaal ontworpen voor het opblazen en op druk houden van grote reclameobjecten en springkussens.\",\"breadcrumb\":{\"@id\":\"https:\/\/thefancompany.nl\/#breadcrumb\"},\"inLanguage\":\"de\",\"potentialAction\":[{\"@type\":\"ReadAction\",\"target\":[\"https:\/\/thefancompany.nl\/\"]}]},{\"@type\":\"ImageObject\",\"inLanguage\":\"de\",\"@id\":\"https:\/\/thefancompany.nl\/#primaryimage\",\"url\":\"https:\/\/thefancompany.nl\/wp-content\/uploads\/2023\/12\/Blowers-voor-springkussens.jpg\",\"contentUrl\":\"https:\/\/thefancompany.nl\/wp-content\/uploads\/2023\/12\/Blowers-voor-springkussens.jpg\"},{\"@type\":\"BreadcrumbList\",\"@id\":\"https:\/\/thefancompany.nl\/#breadcrumb\",\"itemListElement\":[{\"@type\":\"ListItem\",\"position\":1,\"name\":\"Home\",\"item\":\"https:\/\/thefancompany.nl\/\"},{\"@type\":\"ListItem\",\"position\":2,\"name\":\"Home\"}]},{\"@type\":\"WebSite\",\"@id\":\"https:\/\/thefancompany.nl\/#website\",\"url\":\"https:\/\/thefancompany.nl\/\",\"name\":\"The Fan Company\",\"description\":\"The Fan Company is d\u00e9 leverancier van blowers voor springkussens en springkastelen.\",\"publisher\":{\"@id\":\"https:\/\/thefancompany.nl\/#organization\"},\"potentialAction\":[{\"@type\":\"SearchAction\",\"target\":{\"@type\":\"EntryPoint\",\"urlTemplate\":\"https:\/\/thefancompany.nl\/?s={search_term_string}\"},\"query-input\":{\"@type\":\"PropertyValueSpecification\",\"valueRequired\":true,\"valueName\":\"search_term_string\"}}],\"inLanguage\":\"de\"},{\"@type\":\"Organization\",\"@id\":\"https:\/\/thefancompany.nl\/#organization\",\"name\":\"The Fan Company\",\"url\":\"https:\/\/thefancompany.nl\/\",\"logo\":{\"@type\":\"ImageObject\",\"inLanguage\":\"de\",\"@id\":\"https:\/\/thefancompany.nl\/#\/schema\/logo\/image\/\",\"url\":\"https:\/\/thefancompany.nl\/wp-content\/uploads\/2023\/07\/logo-Fancom-PMS.svg\",\"contentUrl\":\"https:\/\/thefancompany.nl\/wp-content\/uploads\/2023\/07\/logo-Fancom-PMS.svg\",\"width\":100,\"height\":100,\"caption\":\"The Fan Company\"},\"image\":{\"@id\":\"https:\/\/thefancompany.nl\/#\/schema\/logo\/image\/\"}}]}<\/script>\n<!-- \/ Yoast SEO plugin. -->","yoast_head_json":{"title":"Die Fan Company","description":"Gebl\u00e4se von The Fan Company sind speziell f\u00fcr das Aufblasen und Aufrechterhalten des Drucks auf gro\u00dfen Werbeobjekten und aufblasbaren Gegenst\u00e4nden konzipiert.","robots":{"index":"index","follow":"follow","max-snippet":"max-snippet:-1","max-image-preview":"max-image-preview:large","max-video-preview":"max-video-preview:-1"},"canonical":"https:\/\/thefancompany.nl\/de\/","og_locale":"de_DE","og_type":"article","og_title":"The Fan Company","og_description":"Blowers van The Fan Company zijn speciaal ontworpen voor het opblazen en op druk houden van grote reclameobjecten en springkussens.","og_url":"https:\/\/thefancompany.nl\/de\/","og_site_name":"The Fan Company","article_modified_time":"2024-02-12T06:59:37+00:00","og_image":[{"url":"https:\/\/thefancompany.nl\/wp-content\/uploads\/2023\/12\/Blowers-voor-springkussens.jpg","type":"","width":"","height":""}],"twitter_card":"summary_large_image","twitter_misc":{"Gesch\u00e4tzte Lesezeit":"1\u00a0Minute"},"schema":{"@context":"https:\/\/schema.org","@graph":[{"@type":"WebPage","@id":"https:\/\/thefancompany.nl\/","url":"https:\/\/thefancompany.nl\/","name":"Die Fan Company","isPartOf":{"@id":"https:\/\/thefancompany.nl\/#website"},"primaryImageOfPage":{"@id":"https:\/\/thefancompany.nl\/#primaryimage"},"image":{"@id":"https:\/\/thefancompany.nl\/#primaryimage"},"thumbnailUrl":"https:\/\/thefancompany.nl\/wp-content\/uploads\/2023\/12\/Blowers-voor-springkussens.jpg","datePublished":"2023-07-12T06:10:02+00:00","dateModified":"2024-02-12T06:59:37+00:00","description":"Gebl\u00e4se von The Fan Company sind speziell f\u00fcr das Aufblasen und Aufrechterhalten des Drucks auf gro\u00dfen Werbeobjekten und aufblasbaren Gegenst\u00e4nden konzipiert.","breadcrumb":{"@id":"https:\/\/thefancompany.nl\/#breadcrumb"},"inLanguage":"de","potentialAction":[{"@type":"ReadAction","target":["https:\/\/thefancompany.nl\/"]}]},{"@type":"ImageObject","inLanguage":"de","@id":"https:\/\/thefancompany.nl\/#primaryimage","url":"https:\/\/thefancompany.nl\/wp-content\/uploads\/2023\/12\/Blowers-voor-springkussens.jpg","contentUrl":"https:\/\/thefancompany.nl\/wp-content\/uploads\/2023\/12\/Blowers-voor-springkussens.jpg"},{"@type":"BreadcrumbList","@id":"https:\/\/thefancompany.nl\/#breadcrumb","itemListElement":[{"@type":"ListItem","position":1,"name":"Home","item":"https:\/\/thefancompany.nl\/"},{"@type":"ListItem","position":2,"name":"Home"}]},{"@type":"WebSite","@id":"https:\/\/thefancompany.nl\/#website","url":"https:\/\/thefancompany.nl\/","name":"Die Fan Company","description":"The Fan Company ist der Lieferant von Gebl\u00e4sen f\u00fcr aufblasbare Burgen und H\u00fcpfburgen.","publisher":{"@id":"https:\/\/thefancompany.nl\/#organization"},"potentialAction":[{"@type":"SearchAction","target":{"@type":"EntryPoint","urlTemplate":"https:\/\/thefancompany.nl\/?s={search_term_string}"},"query-input":{"@type":"PropertyValueSpecification","valueRequired":true,"valueName":"search_term_string"}}],"inLanguage":"de"},{"@type":"Organization","@id":"https:\/\/thefancompany.nl\/#organization","name":"Die Fan Company","url":"https:\/\/thefancompany.nl\/","logo":{"@type":"ImageObject","inLanguage":"de","@id":"https:\/\/thefancompany.nl\/#\/schema\/logo\/image\/","url":"https:\/\/thefancompany.nl\/wp-content\/uploads\/2023\/07\/logo-Fancom-PMS.svg","contentUrl":"https:\/\/thefancompany.nl\/wp-content\/uploads\/2023\/07\/logo-Fancom-PMS.svg","width":100,"height":100,"caption":"The Fan Company"},"image":{"@id":"https:\/\/thefancompany.nl\/#\/schema\/logo\/image\/"}}]}},"_links":{"self":[{"href":"https:\/\/thefancompany.nl\/de\/wp-json\/wp\/v2\/pages\/31","targetHints":{"allow":["GET"]}}],"collection":[{"href":"https:\/\/thefancompany.nl\/de\/wp-json\/wp\/v2\/pages"}],"about":[{"href":"https:\/\/thefancompany.nl\/de\/wp-json\/wp\/v2\/types\/page"}],"author":[{"embeddable":true,"href":"https:\/\/thefancompany.nl\/de\/wp-json\/wp\/v2\/users\/1"}],"replies":[{"embeddable":true,"href":"https:\/\/thefancompany.nl\/de\/wp-json\/wp\/v2\/comments?post=31"}],"version-history":[{"count":0,"href":"https:\/\/thefancompany.nl\/de\/wp-json\/wp\/v2\/pages\/31\/revisions"}],"wp:attachment":[{"href":"https:\/\/thefancompany.nl\/de\/wp-json\/wp\/v2\/media?parent=31"}],"curies":[{"name":"wp","href":"https:\/\/api.w.org\/{rel}","templated":true}]}}