{"id":196,"date":"2023-10-13T14:54:45","date_gmt":"2023-10-13T12:54:45","guid":{"rendered":"https:\/\/thefancompany.nl\/?post_type=product&#038;p=196"},"modified":"2024-01-02T11:41:53","modified_gmt":"2024-01-02T10:41:53","slug":"sky-dancer-geblase-mit-beleuchtung","status":"publish","type":"product","link":"https:\/\/thefancompany.nl\/de\/product\/skydancer-blower-met-verlichting\/","title":{"rendered":"Skydancer-Gebl\u00e4se mit Beleuchtung"},"content":{"rendered":"","protected":false},"excerpt":{"rendered":"<p>Dieses Gebl\u00e4se wurde speziell zum Aufblasen von Sky Tubes und Sky Dancern entwickelt. Das sind Tanzr\u00f6hren, die bei Veranstaltungen aller Art f\u00fcr Aufsehen sorgen. Diese Skydancer werden mittels Klettverschluss mit dem Blazer verbunden. Die harte Seite (Haken) des Klettverschlusses befindet sich ebenfalls um den Rand dieses Gebl\u00e4ses. Dadurch l\u00e4sst sich der Skydancer einfach befestigen. Die Farben der LED-Lampe lassen sich bei diesem Modell ganz einfach mit einer Fernbedienung einstellen.<\/p>","protected":false},"featured_media":197,"template":"","meta":{"_acf_changed":false},"product_brand":[],"product_cat":[18],"product_tag":[21],"class_list":{"0":"post-196","1":"product","2":"type-product","3":"status-publish","4":"has-post-thumbnail","6":"product_cat-blower","7":"product_tag-blazer","9":"first","10":"instock","11":"taxable","12":"shipping-taxable","13":"purchasable","14":"product-type-simple"},"acf":[],"yoast_head":"<!-- This site is optimized with the Yoast SEO plugin v27.1.1 - https:\/\/yoast.com\/product\/yoast-seo-wordpress\/ -->\n<title>Skydancer blower met verlichting - The Fan Company<\/title>\n<meta name=\"robots\" content=\"index, follow, max-snippet:-1, max-image-preview:large, max-video-preview:-1\" \/>\n<link rel=\"canonical\" href=\"https:\/\/thefancompany.nl\/de\/produkt\/sky-dancer-geblase-mit-beleuchtung\/\" \/>\n<meta property=\"og:locale\" content=\"de_DE\" \/>\n<meta property=\"og:type\" content=\"article\" \/>\n<meta property=\"og:title\" content=\"Skydancer blower met verlichting - The Fan Company\" \/>\n<meta property=\"og:description\" content=\"Deze blower is speciaal ontwikkeld voor het opblazen van skytubes en skydancers. Dat zijn dansende buizen die de aandacht trekken op allerlei evenementen. Deze skydancers worden door middel van klittenband aangesloten op de blazer. Rondom de rand van deze blower zit dan dus ook de harde zijde (haak) van het klittenband. Hierdoor kan de skydancer er makkelijk aan worden bevestigd. De kleuren van de ledlamp zijn bij dit model eenvoudig met een afstandsbediening in te stellen.\" \/>\n<meta property=\"og:url\" content=\"https:\/\/thefancompany.nl\/de\/produkt\/sky-dancer-geblase-mit-beleuchtung\/\" \/>\n<meta property=\"og:site_name\" content=\"The Fan Company\" \/>\n<meta property=\"article:modified_time\" content=\"2024-01-02T10:41:53+00:00\" \/>\n<meta property=\"og:image\" content=\"https:\/\/thefancompany.nl\/wp-content\/uploads\/2023\/10\/Blower-voor-Skydancer-kopen.jpg\" \/>\n\t<meta property=\"og:image:width\" content=\"2016\" \/>\n\t<meta property=\"og:image:height\" content=\"1512\" \/>\n\t<meta property=\"og:image:type\" content=\"image\/jpeg\" \/>\n<meta name=\"twitter:card\" content=\"summary_large_image\" \/>\n<script type=\"application\/ld+json\" class=\"yoast-schema-graph\">{\"@context\":\"https:\/\/schema.org\",\"@graph\":[{\"@type\":\"WebPage\",\"@id\":\"https:\/\/thefancompany.nl\/product\/skydancer-blower-met-verlichting\/\",\"url\":\"https:\/\/thefancompany.nl\/product\/skydancer-blower-met-verlichting\/\",\"name\":\"Skydancer blower met verlichting - The Fan Company\",\"isPartOf\":{\"@id\":\"https:\/\/thefancompany.nl\/#website\"},\"primaryImageOfPage\":{\"@id\":\"https:\/\/thefancompany.nl\/product\/skydancer-blower-met-verlichting\/#primaryimage\"},\"image\":{\"@id\":\"https:\/\/thefancompany.nl\/product\/skydancer-blower-met-verlichting\/#primaryimage\"},\"thumbnailUrl\":\"https:\/\/thefancompany.nl\/wp-content\/uploads\/2023\/10\/Blower-voor-Skydancer-kopen.jpg\",\"datePublished\":\"2023-10-13T12:54:45+00:00\",\"dateModified\":\"2024-01-02T10:41:53+00:00\",\"breadcrumb\":{\"@id\":\"https:\/\/thefancompany.nl\/product\/skydancer-blower-met-verlichting\/#breadcrumb\"},\"inLanguage\":\"de\",\"potentialAction\":[{\"@type\":\"ReadAction\",\"target\":[\"https:\/\/thefancompany.nl\/product\/skydancer-blower-met-verlichting\/\"]}]},{\"@type\":\"ImageObject\",\"inLanguage\":\"de\",\"@id\":\"https:\/\/thefancompany.nl\/product\/skydancer-blower-met-verlichting\/#primaryimage\",\"url\":\"https:\/\/thefancompany.nl\/wp-content\/uploads\/2023\/10\/Blower-voor-Skydancer-kopen.jpg\",\"contentUrl\":\"https:\/\/thefancompany.nl\/wp-content\/uploads\/2023\/10\/Blower-voor-Skydancer-kopen.jpg\",\"width\":2016,\"height\":1512,\"caption\":\"Blower voor Skydancer kopen\"},{\"@type\":\"BreadcrumbList\",\"@id\":\"https:\/\/thefancompany.nl\/product\/skydancer-blower-met-verlichting\/#breadcrumb\",\"itemListElement\":[{\"@type\":\"ListItem\",\"position\":1,\"name\":\"Home\",\"item\":\"https:\/\/thefancompany.nl\/\"},{\"@type\":\"ListItem\",\"position\":2,\"name\":\"Duurzame blower voor springkussens\",\"item\":\"https:\/\/thefancompany.nl\/producten\/\"},{\"@type\":\"ListItem\",\"position\":3,\"name\":\"Skydancer blower met verlichting\"}]},{\"@type\":\"WebSite\",\"@id\":\"https:\/\/thefancompany.nl\/#website\",\"url\":\"https:\/\/thefancompany.nl\/\",\"name\":\"The Fan Company\",\"description\":\"The Fan Company is d\u00e9 leverancier van blowers voor springkussens en springkastelen.\",\"publisher\":{\"@id\":\"https:\/\/thefancompany.nl\/#organization\"},\"potentialAction\":[{\"@type\":\"SearchAction\",\"target\":{\"@type\":\"EntryPoint\",\"urlTemplate\":\"https:\/\/thefancompany.nl\/?s={search_term_string}\"},\"query-input\":{\"@type\":\"PropertyValueSpecification\",\"valueRequired\":true,\"valueName\":\"search_term_string\"}}],\"inLanguage\":\"de\"},{\"@type\":\"Organization\",\"@id\":\"https:\/\/thefancompany.nl\/#organization\",\"name\":\"The Fan Company\",\"url\":\"https:\/\/thefancompany.nl\/\",\"logo\":{\"@type\":\"ImageObject\",\"inLanguage\":\"de\",\"@id\":\"https:\/\/thefancompany.nl\/#\/schema\/logo\/image\/\",\"url\":\"https:\/\/thefancompany.nl\/wp-content\/uploads\/2023\/07\/logo-Fancom-PMS.svg\",\"contentUrl\":\"https:\/\/thefancompany.nl\/wp-content\/uploads\/2023\/07\/logo-Fancom-PMS.svg\",\"width\":100,\"height\":100,\"caption\":\"The Fan Company\"},\"image\":{\"@id\":\"https:\/\/thefancompany.nl\/#\/schema\/logo\/image\/\"}}]}<\/script>\n<!-- \/ Yoast SEO plugin. -->","yoast_head_json":{"title":"Skydancer-Gebl\u00e4se mit Beleuchtung - The Fan Company","robots":{"index":"index","follow":"follow","max-snippet":"max-snippet:-1","max-image-preview":"max-image-preview:large","max-video-preview":"max-video-preview:-1"},"canonical":"https:\/\/thefancompany.nl\/de\/produkt\/sky-dancer-geblase-mit-beleuchtung\/","og_locale":"de_DE","og_type":"article","og_title":"Skydancer blower met verlichting - The Fan Company","og_description":"Deze blower is speciaal ontwikkeld voor het opblazen van skytubes en skydancers. Dat zijn dansende buizen die de aandacht trekken op allerlei evenementen. Deze skydancers worden door middel van klittenband aangesloten op de blazer. Rondom de rand van deze blower zit dan dus ook de harde zijde (haak) van het klittenband. Hierdoor kan de skydancer er makkelijk aan worden bevestigd. De kleuren van de ledlamp zijn bij dit model eenvoudig met een afstandsbediening in te stellen.","og_url":"https:\/\/thefancompany.nl\/de\/produkt\/sky-dancer-geblase-mit-beleuchtung\/","og_site_name":"The Fan Company","article_modified_time":"2024-01-02T10:41:53+00:00","og_image":[{"width":2016,"height":1512,"url":"https:\/\/thefancompany.nl\/wp-content\/uploads\/2023\/10\/Blower-voor-Skydancer-kopen.jpg","type":"image\/jpeg"}],"twitter_card":"summary_large_image","schema":{"@context":"https:\/\/schema.org","@graph":[{"@type":"WebPage","@id":"https:\/\/thefancompany.nl\/product\/skydancer-blower-met-verlichting\/","url":"https:\/\/thefancompany.nl\/product\/skydancer-blower-met-verlichting\/","name":"Skydancer-Gebl\u00e4se mit Beleuchtung - The Fan Company","isPartOf":{"@id":"https:\/\/thefancompany.nl\/#website"},"primaryImageOfPage":{"@id":"https:\/\/thefancompany.nl\/product\/skydancer-blower-met-verlichting\/#primaryimage"},"image":{"@id":"https:\/\/thefancompany.nl\/product\/skydancer-blower-met-verlichting\/#primaryimage"},"thumbnailUrl":"https:\/\/thefancompany.nl\/wp-content\/uploads\/2023\/10\/Blower-voor-Skydancer-kopen.jpg","datePublished":"2023-10-13T12:54:45+00:00","dateModified":"2024-01-02T10:41:53+00:00","breadcrumb":{"@id":"https:\/\/thefancompany.nl\/product\/skydancer-blower-met-verlichting\/#breadcrumb"},"inLanguage":"de","potentialAction":[{"@type":"ReadAction","target":["https:\/\/thefancompany.nl\/product\/skydancer-blower-met-verlichting\/"]}]},{"@type":"ImageObject","inLanguage":"de","@id":"https:\/\/thefancompany.nl\/product\/skydancer-blower-met-verlichting\/#primaryimage","url":"https:\/\/thefancompany.nl\/wp-content\/uploads\/2023\/10\/Blower-voor-Skydancer-kopen.jpg","contentUrl":"https:\/\/thefancompany.nl\/wp-content\/uploads\/2023\/10\/Blower-voor-Skydancer-kopen.jpg","width":2016,"height":1512,"caption":"Blower voor Skydancer kopen"},{"@type":"BreadcrumbList","@id":"https:\/\/thefancompany.nl\/product\/skydancer-blower-met-verlichting\/#breadcrumb","itemListElement":[{"@type":"ListItem","position":1,"name":"Home","item":"https:\/\/thefancompany.nl\/"},{"@type":"ListItem","position":2,"name":"Duurzame blower voor springkussens","item":"https:\/\/thefancompany.nl\/producten\/"},{"@type":"ListItem","position":3,"name":"Skydancer blower met verlichting"}]},{"@type":"WebSite","@id":"https:\/\/thefancompany.nl\/#website","url":"https:\/\/thefancompany.nl\/","name":"Die Fan Company","description":"The Fan Company ist der Lieferant von Gebl\u00e4sen f\u00fcr aufblasbare Burgen und H\u00fcpfburgen.","publisher":{"@id":"https:\/\/thefancompany.nl\/#organization"},"potentialAction":[{"@type":"SearchAction","target":{"@type":"EntryPoint","urlTemplate":"https:\/\/thefancompany.nl\/?s={search_term_string}"},"query-input":{"@type":"PropertyValueSpecification","valueRequired":true,"valueName":"search_term_string"}}],"inLanguage":"de"},{"@type":"Organization","@id":"https:\/\/thefancompany.nl\/#organization","name":"Die Fan Company","url":"https:\/\/thefancompany.nl\/","logo":{"@type":"ImageObject","inLanguage":"de","@id":"https:\/\/thefancompany.nl\/#\/schema\/logo\/image\/","url":"https:\/\/thefancompany.nl\/wp-content\/uploads\/2023\/07\/logo-Fancom-PMS.svg","contentUrl":"https:\/\/thefancompany.nl\/wp-content\/uploads\/2023\/07\/logo-Fancom-PMS.svg","width":100,"height":100,"caption":"The Fan Company"},"image":{"@id":"https:\/\/thefancompany.nl\/#\/schema\/logo\/image\/"}}]}},"_links":{"self":[{"href":"https:\/\/thefancompany.nl\/de\/wp-json\/wp\/v2\/product\/196","targetHints":{"allow":["GET"]}}],"collection":[{"href":"https:\/\/thefancompany.nl\/de\/wp-json\/wp\/v2\/product"}],"about":[{"href":"https:\/\/thefancompany.nl\/de\/wp-json\/wp\/v2\/types\/product"}],"wp:featuredmedia":[{"embeddable":true,"href":"https:\/\/thefancompany.nl\/de\/wp-json\/wp\/v2\/media\/197"}],"wp:attachment":[{"href":"https:\/\/thefancompany.nl\/de\/wp-json\/wp\/v2\/media?parent=196"}],"wp:term":[{"taxonomy":"product_brand","embeddable":true,"href":"https:\/\/thefancompany.nl\/de\/wp-json\/wp\/v2\/product_brand?post=196"},{"taxonomy":"product_cat","embeddable":true,"href":"https:\/\/thefancompany.nl\/de\/wp-json\/wp\/v2\/product_cat?post=196"},{"taxonomy":"product_tag","embeddable":true,"href":"https:\/\/thefancompany.nl\/de\/wp-json\/wp\/v2\/product_tag?post=196"}],"curies":[{"name":"wp","href":"https:\/\/api.w.org\/{rel}","templated":true}]}}