{"id":54,"date":"2023-07-13T12:27:04","date_gmt":"2023-07-13T12:27:04","guid":{"rendered":"https:\/\/thefancompany.nl\/?post_type=product&#038;p=54"},"modified":"2024-01-02T11:25:25","modified_gmt":"2024-01-02T10:25:25","slug":"geblase-1100-watt-tfc-1-1","status":"publish","type":"product","link":"https:\/\/thefancompany.nl\/de\/product\/blower-1100-watt-tfc-1-1\/","title":{"rendered":"Gebl\u00e4se 1100 Watt (TFC 1.1)"},"content":{"rendered":"","protected":false},"excerpt":{"rendered":"<p>Gebl\u00e4se von The Fan Company sind speziell f\u00fcr das Aufblasen und Aufrechterhalten des Drucks auf gro\u00dfen Werbeobjekten und aufblasbaren Gegenst\u00e4nden konzipiert. Die Ventilatoren lassen sich einfach an die Schlauchboote anschlie\u00dfen. Hierbei handelt es sich um eine weiterentwickelte Version der bisherigen SilverFan-Gebl\u00e4se. Dieses Modell ist das am h\u00e4ufigsten verwendete Modell und eignet sich zum Aufblasen fast aller professionellen H\u00fcpfburgen. Suchen Sie ein schwereres Gebl\u00e4se f\u00fcr gro\u00dfe aufblasbare Objekte? Dann ist die <a href=\"https:\/\/thefancompany.nl\/de\/produkt\/geblase-1500-watt-tfc-1-5\/\">Aufblasbares Schlossgebl\u00e4se TFC1.5<\/a> k\u00f6nnte eine gute Option sein.<\/p>\n<p>Sie m\u00f6chten wissen, welches Gebl\u00e4se zum Aufblasen Ihrer H\u00fcpfburg geeignet ist? Dann fragen Sie den Lieferanten Ihres Luftkissens, welches Gebl\u00e4se f\u00fcr diesen Typ von H\u00fcpfburg geeignet ist.<\/p>\n<p>Sind Sie an einer kompletten Palette an Gebl\u00e4sen dieses Typs interessiert? Dann fordern Sie unverbindlich ein konkurrenzf\u00e4higes Angebot f\u00fcr 24 St\u00fcck an. F\u00fcgen Sie Ihrer Angebotsanfrage 24 St\u00fcck hinzu und Sie erhalten schnell ein Angebot von uns per E-Mail.<\/p>\n<p>.<\/p>","protected":false},"featured_media":198,"template":"","meta":{"_acf_changed":false},"product_brand":[],"product_cat":[18],"product_tag":[],"class_list":{"0":"post-54","1":"product","2":"type-product","3":"status-publish","4":"has-post-thumbnail","6":"product_cat-blower","8":"first","9":"instock","10":"taxable","11":"shipping-taxable","12":"purchasable","13":"product-type-simple"},"acf":[],"yoast_head":"<!-- This site is optimized with the Yoast SEO plugin v27.1.1 - https:\/\/yoast.com\/product\/yoast-seo-wordpress\/ -->\n<title>Blower 1100 Watt (TFC 1.1) - The Fan Company<\/title>\n<meta name=\"robots\" content=\"index, follow, max-snippet:-1, max-image-preview:large, max-video-preview:-1\" \/>\n<link rel=\"canonical\" href=\"https:\/\/thefancompany.nl\/de\/produkt\/geblase-1100-watt-tfc-1-1\/\" \/>\n<meta property=\"og:locale\" content=\"de_DE\" \/>\n<meta property=\"og:type\" content=\"article\" \/>\n<meta property=\"og:title\" content=\"Blower 1100 Watt (TFC 1.1) - The Fan Company\" \/>\n<meta property=\"og:description\" content=\"Blowers van The Fan Company zijn speciaal ontworpen voor het opblazen en op druk houden van grote reclameobjecten en springkussens. De ventilatoren zijn eenvoudig aan te sluiten op de springkussens. Dit is een doorontwikkelde versie van de voormalige SilverFan blowers. Dit model wordt het meest gebruikt en is geschikt voor het opblazen van vrijwel ieder professioneel springkussen. Ben je op zoek naar een wat zwaardere blower voor grote opblaasbare objecten? Dan is de Springkussen blower TFC1,5 wellicht een goede optie.  Wilt u weten welke blower geschikt is voor het opblazen van uw springkussen? Informeer dan bij de leverancier van uw luchtkussen welke blazer geschikt is voor dat type springkussen.  Heeft u interesse in een volle pallet met blowers van dit type? Vraag dan vrijblijvend om een scherp voorstel voor 24 stuks. Voer 24 stuks toe aan uw offerteaanvraag en u krijgt snel een voorstel van ons op de mail.  .\" \/>\n<meta property=\"og:url\" content=\"https:\/\/thefancompany.nl\/de\/produkt\/geblase-1100-watt-tfc-1-1\/\" \/>\n<meta property=\"og:site_name\" content=\"The Fan Company\" \/>\n<meta property=\"article:modified_time\" content=\"2024-01-02T10:25:25+00:00\" \/>\n<meta property=\"og:image\" content=\"https:\/\/thefancompany.nl\/wp-content\/uploads\/2023\/07\/Blower-voor-springkussen-TFC-1.1-1.jpg\" \/>\n\t<meta property=\"og:image:width\" content=\"1063\" \/>\n\t<meta property=\"og:image:height\" content=\"709\" \/>\n\t<meta property=\"og:image:type\" content=\"image\/jpeg\" \/>\n<meta name=\"twitter:card\" content=\"summary_large_image\" \/>\n<script type=\"application\/ld+json\" class=\"yoast-schema-graph\">{\"@context\":\"https:\/\/schema.org\",\"@graph\":[{\"@type\":\"WebPage\",\"@id\":\"https:\/\/thefancompany.nl\/product\/blower-1100-watt-tfc-1-1\/\",\"url\":\"https:\/\/thefancompany.nl\/product\/blower-1100-watt-tfc-1-1\/\",\"name\":\"Blower 1100 Watt (TFC 1.1) - The Fan Company\",\"isPartOf\":{\"@id\":\"https:\/\/thefancompany.nl\/#website\"},\"primaryImageOfPage\":{\"@id\":\"https:\/\/thefancompany.nl\/product\/blower-1100-watt-tfc-1-1\/#primaryimage\"},\"image\":{\"@id\":\"https:\/\/thefancompany.nl\/product\/blower-1100-watt-tfc-1-1\/#primaryimage\"},\"thumbnailUrl\":\"https:\/\/thefancompany.nl\/wp-content\/uploads\/2023\/07\/Blower-voor-springkussen-TFC-1.1-1.jpg\",\"datePublished\":\"2023-07-13T12:27:04+00:00\",\"dateModified\":\"2024-01-02T10:25:25+00:00\",\"breadcrumb\":{\"@id\":\"https:\/\/thefancompany.nl\/product\/blower-1100-watt-tfc-1-1\/#breadcrumb\"},\"inLanguage\":\"de\",\"potentialAction\":[{\"@type\":\"ReadAction\",\"target\":[\"https:\/\/thefancompany.nl\/product\/blower-1100-watt-tfc-1-1\/\"]}]},{\"@type\":\"ImageObject\",\"inLanguage\":\"de\",\"@id\":\"https:\/\/thefancompany.nl\/product\/blower-1100-watt-tfc-1-1\/#primaryimage\",\"url\":\"https:\/\/thefancompany.nl\/wp-content\/uploads\/2023\/07\/Blower-voor-springkussen-TFC-1.1-1.jpg\",\"contentUrl\":\"https:\/\/thefancompany.nl\/wp-content\/uploads\/2023\/07\/Blower-voor-springkussen-TFC-1.1-1.jpg\",\"width\":1063,\"height\":709,\"caption\":\"Blower voor springkussen TFC 1.1\"},{\"@type\":\"BreadcrumbList\",\"@id\":\"https:\/\/thefancompany.nl\/product\/blower-1100-watt-tfc-1-1\/#breadcrumb\",\"itemListElement\":[{\"@type\":\"ListItem\",\"position\":1,\"name\":\"Home\",\"item\":\"https:\/\/thefancompany.nl\/\"},{\"@type\":\"ListItem\",\"position\":2,\"name\":\"Duurzame blower voor springkussens\",\"item\":\"https:\/\/thefancompany.nl\/producten\/\"},{\"@type\":\"ListItem\",\"position\":3,\"name\":\"Blower 1100 Watt (TFC 1.1)\"}]},{\"@type\":\"WebSite\",\"@id\":\"https:\/\/thefancompany.nl\/#website\",\"url\":\"https:\/\/thefancompany.nl\/\",\"name\":\"The Fan Company\",\"description\":\"The Fan Company is d\u00e9 leverancier van blowers voor springkussens en springkastelen.\",\"publisher\":{\"@id\":\"https:\/\/thefancompany.nl\/#organization\"},\"potentialAction\":[{\"@type\":\"SearchAction\",\"target\":{\"@type\":\"EntryPoint\",\"urlTemplate\":\"https:\/\/thefancompany.nl\/?s={search_term_string}\"},\"query-input\":{\"@type\":\"PropertyValueSpecification\",\"valueRequired\":true,\"valueName\":\"search_term_string\"}}],\"inLanguage\":\"de\"},{\"@type\":\"Organization\",\"@id\":\"https:\/\/thefancompany.nl\/#organization\",\"name\":\"The Fan Company\",\"url\":\"https:\/\/thefancompany.nl\/\",\"logo\":{\"@type\":\"ImageObject\",\"inLanguage\":\"de\",\"@id\":\"https:\/\/thefancompany.nl\/#\/schema\/logo\/image\/\",\"url\":\"https:\/\/thefancompany.nl\/wp-content\/uploads\/2023\/07\/logo-Fancom-PMS.svg\",\"contentUrl\":\"https:\/\/thefancompany.nl\/wp-content\/uploads\/2023\/07\/logo-Fancom-PMS.svg\",\"width\":100,\"height\":100,\"caption\":\"The Fan Company\"},\"image\":{\"@id\":\"https:\/\/thefancompany.nl\/#\/schema\/logo\/image\/\"}}]}<\/script>\n<!-- \/ Yoast SEO plugin. -->","yoast_head_json":{"title":"Gebl\u00e4se 1100 Watt (TFC 1.1) - The Fan Company","robots":{"index":"index","follow":"follow","max-snippet":"max-snippet:-1","max-image-preview":"max-image-preview:large","max-video-preview":"max-video-preview:-1"},"canonical":"https:\/\/thefancompany.nl\/de\/produkt\/geblase-1100-watt-tfc-1-1\/","og_locale":"de_DE","og_type":"article","og_title":"Blower 1100 Watt (TFC 1.1) - The Fan Company","og_description":"Blowers van The Fan Company zijn speciaal ontworpen voor het opblazen en op druk houden van grote reclameobjecten en springkussens. De ventilatoren zijn eenvoudig aan te sluiten op de springkussens. Dit is een doorontwikkelde versie van de voormalige SilverFan blowers. Dit model wordt het meest gebruikt en is geschikt voor het opblazen van vrijwel ieder professioneel springkussen. Ben je op zoek naar een wat zwaardere blower voor grote opblaasbare objecten? Dan is de Springkussen blower TFC1,5 wellicht een goede optie.  Wilt u weten welke blower geschikt is voor het opblazen van uw springkussen? Informeer dan bij de leverancier van uw luchtkussen welke blazer geschikt is voor dat type springkussen.  Heeft u interesse in een volle pallet met blowers van dit type? Vraag dan vrijblijvend om een scherp voorstel voor 24 stuks. Voer 24 stuks toe aan uw offerteaanvraag en u krijgt snel een voorstel van ons op de mail.  .","og_url":"https:\/\/thefancompany.nl\/de\/produkt\/geblase-1100-watt-tfc-1-1\/","og_site_name":"The Fan Company","article_modified_time":"2024-01-02T10:25:25+00:00","og_image":[{"width":1063,"height":709,"url":"https:\/\/thefancompany.nl\/wp-content\/uploads\/2023\/07\/Blower-voor-springkussen-TFC-1.1-1.jpg","type":"image\/jpeg"}],"twitter_card":"summary_large_image","schema":{"@context":"https:\/\/schema.org","@graph":[{"@type":"WebPage","@id":"https:\/\/thefancompany.nl\/product\/blower-1100-watt-tfc-1-1\/","url":"https:\/\/thefancompany.nl\/product\/blower-1100-watt-tfc-1-1\/","name":"Gebl\u00e4se 1100 Watt (TFC 1.1) - The Fan Company","isPartOf":{"@id":"https:\/\/thefancompany.nl\/#website"},"primaryImageOfPage":{"@id":"https:\/\/thefancompany.nl\/product\/blower-1100-watt-tfc-1-1\/#primaryimage"},"image":{"@id":"https:\/\/thefancompany.nl\/product\/blower-1100-watt-tfc-1-1\/#primaryimage"},"thumbnailUrl":"https:\/\/thefancompany.nl\/wp-content\/uploads\/2023\/07\/Blower-voor-springkussen-TFC-1.1-1.jpg","datePublished":"2023-07-13T12:27:04+00:00","dateModified":"2024-01-02T10:25:25+00:00","breadcrumb":{"@id":"https:\/\/thefancompany.nl\/product\/blower-1100-watt-tfc-1-1\/#breadcrumb"},"inLanguage":"de","potentialAction":[{"@type":"ReadAction","target":["https:\/\/thefancompany.nl\/product\/blower-1100-watt-tfc-1-1\/"]}]},{"@type":"ImageObject","inLanguage":"de","@id":"https:\/\/thefancompany.nl\/product\/blower-1100-watt-tfc-1-1\/#primaryimage","url":"https:\/\/thefancompany.nl\/wp-content\/uploads\/2023\/07\/Blower-voor-springkussen-TFC-1.1-1.jpg","contentUrl":"https:\/\/thefancompany.nl\/wp-content\/uploads\/2023\/07\/Blower-voor-springkussen-TFC-1.1-1.jpg","width":1063,"height":709,"caption":"Blower voor springkussen TFC 1.1"},{"@type":"BreadcrumbList","@id":"https:\/\/thefancompany.nl\/product\/blower-1100-watt-tfc-1-1\/#breadcrumb","itemListElement":[{"@type":"ListItem","position":1,"name":"Home","item":"https:\/\/thefancompany.nl\/"},{"@type":"ListItem","position":2,"name":"Duurzame blower voor springkussens","item":"https:\/\/thefancompany.nl\/producten\/"},{"@type":"ListItem","position":3,"name":"Blower 1100 Watt (TFC 1.1)"}]},{"@type":"WebSite","@id":"https:\/\/thefancompany.nl\/#website","url":"https:\/\/thefancompany.nl\/","name":"Die Fan Company","description":"The Fan Company ist der Lieferant von Gebl\u00e4sen f\u00fcr aufblasbare Burgen und H\u00fcpfburgen.","publisher":{"@id":"https:\/\/thefancompany.nl\/#organization"},"potentialAction":[{"@type":"SearchAction","target":{"@type":"EntryPoint","urlTemplate":"https:\/\/thefancompany.nl\/?s={search_term_string}"},"query-input":{"@type":"PropertyValueSpecification","valueRequired":true,"valueName":"search_term_string"}}],"inLanguage":"de"},{"@type":"Organization","@id":"https:\/\/thefancompany.nl\/#organization","name":"Die Fan Company","url":"https:\/\/thefancompany.nl\/","logo":{"@type":"ImageObject","inLanguage":"de","@id":"https:\/\/thefancompany.nl\/#\/schema\/logo\/image\/","url":"https:\/\/thefancompany.nl\/wp-content\/uploads\/2023\/07\/logo-Fancom-PMS.svg","contentUrl":"https:\/\/thefancompany.nl\/wp-content\/uploads\/2023\/07\/logo-Fancom-PMS.svg","width":100,"height":100,"caption":"The Fan Company"},"image":{"@id":"https:\/\/thefancompany.nl\/#\/schema\/logo\/image\/"}}]}},"_links":{"self":[{"href":"https:\/\/thefancompany.nl\/de\/wp-json\/wp\/v2\/product\/54","targetHints":{"allow":["GET"]}}],"collection":[{"href":"https:\/\/thefancompany.nl\/de\/wp-json\/wp\/v2\/product"}],"about":[{"href":"https:\/\/thefancompany.nl\/de\/wp-json\/wp\/v2\/types\/product"}],"wp:featuredmedia":[{"embeddable":true,"href":"https:\/\/thefancompany.nl\/de\/wp-json\/wp\/v2\/media\/198"}],"wp:attachment":[{"href":"https:\/\/thefancompany.nl\/de\/wp-json\/wp\/v2\/media?parent=54"}],"wp:term":[{"taxonomy":"product_brand","embeddable":true,"href":"https:\/\/thefancompany.nl\/de\/wp-json\/wp\/v2\/product_brand?post=54"},{"taxonomy":"product_cat","embeddable":true,"href":"https:\/\/thefancompany.nl\/de\/wp-json\/wp\/v2\/product_cat?post=54"},{"taxonomy":"product_tag","embeddable":true,"href":"https:\/\/thefancompany.nl\/de\/wp-json\/wp\/v2\/product_tag?post=54"}],"curies":[{"name":"wp","href":"https:\/\/api.w.org\/{rel}","templated":true}]}}