{"id":58,"date":"2023-07-13T12:27:45","date_gmt":"2023-07-13T12:27:45","guid":{"rendered":"https:\/\/thefancompany.nl\/?post_type=product&#038;p=58"},"modified":"2024-01-02T11:24:01","modified_gmt":"2024-01-02T10:24:01","slug":"geblase-1500-watt-tfc-1-5","status":"publish","type":"product","link":"https:\/\/thefancompany.nl\/de\/product\/blower-1500-watt-tfc-1-5\/","title":{"rendered":"Gebl\u00e4se 1500 Watt (TFC 1,5)"},"content":{"rendered":"","protected":false},"excerpt":{"rendered":"<p>Gebl\u00e4se von The Fan Company sind speziell f\u00fcr das Aufblasen und Aufrechterhalten des Drucks auf gro\u00dfen Werbeobjekten und aufblasbaren Gegenst\u00e4nden konzipiert. Die Ventilatoren lassen sich einfach an die Schlauchboote anschlie\u00dfen. Hierbei handelt es sich um eine weiterentwickelte Version der bisherigen SilverFan-Gebl\u00e4se. Dieses Gebl\u00e4semodell wird h\u00e4ufig f\u00fcr sehr gro\u00dfe Objekte wie Hindernisparcours und gro\u00dfe Rutschen verwendet. Auch bei \u00e4lteren Schlauchbooten, die etwas mehr Luft verlieren, wird dieses Modell gerne gew\u00e4hlt. Dieses Gebl\u00e4se baut etwas mehr Druck auf als das <a href=\"https:\/\/thefancompany.nl\/de\/produkt\/geblase-1100-watt-tfc-1-1\/\">Standardgebl\u00e4se f\u00fcr aufblasbares Schloss<\/a>.<\/p>\n<p>Sie m\u00f6chten wissen, welches Gebl\u00e4se zum Aufblasen Ihrer H\u00fcpfburg geeignet ist? Dann fragen Sie den Lieferanten Ihres Luftkissens, welches Gebl\u00e4se f\u00fcr diesen Typ von H\u00fcpfburg geeignet ist.<\/p>\n<p>Sind Sie an einer kompletten Palette an Gebl\u00e4sen dieses Typs interessiert? Dann fordern Sie unverbindlich ein konkurrenzf\u00e4higes Angebot f\u00fcr 24 St\u00fcck an. F\u00fcgen Sie Ihrer Angebotsanfrage 24 St\u00fcck hinzu und Sie erhalten schnell ein Angebot von uns per E-Mail.<\/p>","protected":false},"featured_media":184,"template":"","meta":{"_acf_changed":false},"product_brand":[],"product_cat":[18],"product_tag":[],"class_list":{"0":"post-58","1":"product","2":"type-product","3":"status-publish","4":"has-post-thumbnail","6":"product_cat-blower","8":"first","9":"instock","10":"taxable","11":"shipping-taxable","12":"purchasable","13":"product-type-simple"},"acf":[],"yoast_head":"<!-- This site is optimized with the Yoast SEO plugin v27.1.1 - https:\/\/yoast.com\/product\/yoast-seo-wordpress\/ -->\n<title>Blower 1500 Watt (TFC 1.5) - The Fan Company<\/title>\n<meta name=\"robots\" content=\"index, follow, max-snippet:-1, max-image-preview:large, max-video-preview:-1\" \/>\n<link rel=\"canonical\" href=\"https:\/\/thefancompany.nl\/de\/produkt\/geblase-1500-watt-tfc-1-5\/\" \/>\n<meta property=\"og:locale\" content=\"de_DE\" \/>\n<meta property=\"og:type\" content=\"article\" \/>\n<meta property=\"og:title\" content=\"Blower 1500 Watt (TFC 1.5) - The Fan Company\" \/>\n<meta property=\"og:description\" content=\"Blowers van The Fan Company zijn speciaal ontworpen voor het opblazen en op druk houden van grote reclameobjecten en springkussens. De ventilatoren zijn eenvoudig aan te sluiten op de springkussens. Dit is een doorontwikkelde versie van de voormalige SilverFan blowers. Dit model blower wordt vaak gebruikt voor hele grote objecten zoals stormbanen en grote glijbanen. Ook wordt dit model vaak gekozen bij wat oudere springkussens die wat meer lucht verliezen. Deze blower bouwt net wat meer druk op dan de standaard blower voor springkussen.  Wilt u weten welke blower geschikt is voor het opblazen van uw springkussen? Informeer dan bij de leverancier van uw luchtkussen welke blazer geschikt is voor dat type springkussen.  Heeft u interesse in een volle pallet met blowers van dit type? Vraag dan vrijblijvend om een scherp voorstel voor 24 stuks. Voer 24 stuks toe aan uw offerteaanvraag en u krijgt snel een voorstel van ons op de mail.\" \/>\n<meta property=\"og:url\" content=\"https:\/\/thefancompany.nl\/de\/produkt\/geblase-1500-watt-tfc-1-5\/\" \/>\n<meta property=\"og:site_name\" content=\"The Fan Company\" \/>\n<meta property=\"article:modified_time\" content=\"2024-01-02T10:24:01+00:00\" \/>\n<meta property=\"og:image\" content=\"https:\/\/thefancompany.nl\/wp-content\/uploads\/2023\/07\/Blower-voor-springkussen-kopen-TFC-15KW.jpg\" \/>\n\t<meta property=\"og:image:width\" content=\"1036\" \/>\n\t<meta property=\"og:image:height\" content=\"691\" \/>\n\t<meta property=\"og:image:type\" content=\"image\/jpeg\" \/>\n<meta name=\"twitter:card\" content=\"summary_large_image\" \/>\n<script type=\"application\/ld+json\" class=\"yoast-schema-graph\">{\"@context\":\"https:\/\/schema.org\",\"@graph\":[{\"@type\":\"WebPage\",\"@id\":\"https:\/\/thefancompany.nl\/product\/blower-1500-watt-tfc-1-5\/\",\"url\":\"https:\/\/thefancompany.nl\/product\/blower-1500-watt-tfc-1-5\/\",\"name\":\"Blower 1500 Watt (TFC 1.5) - The Fan Company\",\"isPartOf\":{\"@id\":\"https:\/\/thefancompany.nl\/#website\"},\"primaryImageOfPage\":{\"@id\":\"https:\/\/thefancompany.nl\/product\/blower-1500-watt-tfc-1-5\/#primaryimage\"},\"image\":{\"@id\":\"https:\/\/thefancompany.nl\/product\/blower-1500-watt-tfc-1-5\/#primaryimage\"},\"thumbnailUrl\":\"https:\/\/thefancompany.nl\/wp-content\/uploads\/2023\/07\/Blower-voor-springkussen-kopen-TFC-15KW.jpg\",\"datePublished\":\"2023-07-13T12:27:45+00:00\",\"dateModified\":\"2024-01-02T10:24:01+00:00\",\"breadcrumb\":{\"@id\":\"https:\/\/thefancompany.nl\/product\/blower-1500-watt-tfc-1-5\/#breadcrumb\"},\"inLanguage\":\"de\",\"potentialAction\":[{\"@type\":\"ReadAction\",\"target\":[\"https:\/\/thefancompany.nl\/product\/blower-1500-watt-tfc-1-5\/\"]}]},{\"@type\":\"ImageObject\",\"inLanguage\":\"de\",\"@id\":\"https:\/\/thefancompany.nl\/product\/blower-1500-watt-tfc-1-5\/#primaryimage\",\"url\":\"https:\/\/thefancompany.nl\/wp-content\/uploads\/2023\/07\/Blower-voor-springkussen-kopen-TFC-15KW.jpg\",\"contentUrl\":\"https:\/\/thefancompany.nl\/wp-content\/uploads\/2023\/07\/Blower-voor-springkussen-kopen-TFC-15KW.jpg\",\"width\":1036,\"height\":691,\"caption\":\"Blower voor springkussen kopen TFC 1,5KW\"},{\"@type\":\"BreadcrumbList\",\"@id\":\"https:\/\/thefancompany.nl\/product\/blower-1500-watt-tfc-1-5\/#breadcrumb\",\"itemListElement\":[{\"@type\":\"ListItem\",\"position\":1,\"name\":\"Home\",\"item\":\"https:\/\/thefancompany.nl\/\"},{\"@type\":\"ListItem\",\"position\":2,\"name\":\"Duurzame blower voor springkussens\",\"item\":\"https:\/\/thefancompany.nl\/producten\/\"},{\"@type\":\"ListItem\",\"position\":3,\"name\":\"Blower 1500 Watt (TFC 1.5)\"}]},{\"@type\":\"WebSite\",\"@id\":\"https:\/\/thefancompany.nl\/#website\",\"url\":\"https:\/\/thefancompany.nl\/\",\"name\":\"The Fan Company\",\"description\":\"The Fan Company is d\u00e9 leverancier van blowers voor springkussens en springkastelen.\",\"publisher\":{\"@id\":\"https:\/\/thefancompany.nl\/#organization\"},\"potentialAction\":[{\"@type\":\"SearchAction\",\"target\":{\"@type\":\"EntryPoint\",\"urlTemplate\":\"https:\/\/thefancompany.nl\/?s={search_term_string}\"},\"query-input\":{\"@type\":\"PropertyValueSpecification\",\"valueRequired\":true,\"valueName\":\"search_term_string\"}}],\"inLanguage\":\"de\"},{\"@type\":\"Organization\",\"@id\":\"https:\/\/thefancompany.nl\/#organization\",\"name\":\"The Fan Company\",\"url\":\"https:\/\/thefancompany.nl\/\",\"logo\":{\"@type\":\"ImageObject\",\"inLanguage\":\"de\",\"@id\":\"https:\/\/thefancompany.nl\/#\/schema\/logo\/image\/\",\"url\":\"https:\/\/thefancompany.nl\/wp-content\/uploads\/2023\/07\/logo-Fancom-PMS.svg\",\"contentUrl\":\"https:\/\/thefancompany.nl\/wp-content\/uploads\/2023\/07\/logo-Fancom-PMS.svg\",\"width\":100,\"height\":100,\"caption\":\"The Fan Company\"},\"image\":{\"@id\":\"https:\/\/thefancompany.nl\/#\/schema\/logo\/image\/\"}}]}<\/script>\n<!-- \/ Yoast SEO plugin. -->","yoast_head_json":{"title":"Gebl\u00e4se 1500 Watt (TFC 1,5) \u2013 The Fan Company","robots":{"index":"index","follow":"follow","max-snippet":"max-snippet:-1","max-image-preview":"max-image-preview:large","max-video-preview":"max-video-preview:-1"},"canonical":"https:\/\/thefancompany.nl\/de\/produkt\/geblase-1500-watt-tfc-1-5\/","og_locale":"de_DE","og_type":"article","og_title":"Blower 1500 Watt (TFC 1.5) - The Fan Company","og_description":"Blowers van The Fan Company zijn speciaal ontworpen voor het opblazen en op druk houden van grote reclameobjecten en springkussens. De ventilatoren zijn eenvoudig aan te sluiten op de springkussens. Dit is een doorontwikkelde versie van de voormalige SilverFan blowers. Dit model blower wordt vaak gebruikt voor hele grote objecten zoals stormbanen en grote glijbanen. Ook wordt dit model vaak gekozen bij wat oudere springkussens die wat meer lucht verliezen. Deze blower bouwt net wat meer druk op dan de standaard blower voor springkussen.  Wilt u weten welke blower geschikt is voor het opblazen van uw springkussen? Informeer dan bij de leverancier van uw luchtkussen welke blazer geschikt is voor dat type springkussen.  Heeft u interesse in een volle pallet met blowers van dit type? Vraag dan vrijblijvend om een scherp voorstel voor 24 stuks. Voer 24 stuks toe aan uw offerteaanvraag en u krijgt snel een voorstel van ons op de mail.","og_url":"https:\/\/thefancompany.nl\/de\/produkt\/geblase-1500-watt-tfc-1-5\/","og_site_name":"The Fan Company","article_modified_time":"2024-01-02T10:24:01+00:00","og_image":[{"width":1036,"height":691,"url":"https:\/\/thefancompany.nl\/wp-content\/uploads\/2023\/07\/Blower-voor-springkussen-kopen-TFC-15KW.jpg","type":"image\/jpeg"}],"twitter_card":"summary_large_image","schema":{"@context":"https:\/\/schema.org","@graph":[{"@type":"WebPage","@id":"https:\/\/thefancompany.nl\/product\/blower-1500-watt-tfc-1-5\/","url":"https:\/\/thefancompany.nl\/product\/blower-1500-watt-tfc-1-5\/","name":"Gebl\u00e4se 1500 Watt (TFC 1,5) \u2013 The Fan Company","isPartOf":{"@id":"https:\/\/thefancompany.nl\/#website"},"primaryImageOfPage":{"@id":"https:\/\/thefancompany.nl\/product\/blower-1500-watt-tfc-1-5\/#primaryimage"},"image":{"@id":"https:\/\/thefancompany.nl\/product\/blower-1500-watt-tfc-1-5\/#primaryimage"},"thumbnailUrl":"https:\/\/thefancompany.nl\/wp-content\/uploads\/2023\/07\/Blower-voor-springkussen-kopen-TFC-15KW.jpg","datePublished":"2023-07-13T12:27:45+00:00","dateModified":"2024-01-02T10:24:01+00:00","breadcrumb":{"@id":"https:\/\/thefancompany.nl\/product\/blower-1500-watt-tfc-1-5\/#breadcrumb"},"inLanguage":"de","potentialAction":[{"@type":"ReadAction","target":["https:\/\/thefancompany.nl\/product\/blower-1500-watt-tfc-1-5\/"]}]},{"@type":"ImageObject","inLanguage":"de","@id":"https:\/\/thefancompany.nl\/product\/blower-1500-watt-tfc-1-5\/#primaryimage","url":"https:\/\/thefancompany.nl\/wp-content\/uploads\/2023\/07\/Blower-voor-springkussen-kopen-TFC-15KW.jpg","contentUrl":"https:\/\/thefancompany.nl\/wp-content\/uploads\/2023\/07\/Blower-voor-springkussen-kopen-TFC-15KW.jpg","width":1036,"height":691,"caption":"Blower voor springkussen kopen TFC 1,5KW"},{"@type":"BreadcrumbList","@id":"https:\/\/thefancompany.nl\/product\/blower-1500-watt-tfc-1-5\/#breadcrumb","itemListElement":[{"@type":"ListItem","position":1,"name":"Home","item":"https:\/\/thefancompany.nl\/"},{"@type":"ListItem","position":2,"name":"Duurzame blower voor springkussens","item":"https:\/\/thefancompany.nl\/producten\/"},{"@type":"ListItem","position":3,"name":"Blower 1500 Watt (TFC 1.5)"}]},{"@type":"WebSite","@id":"https:\/\/thefancompany.nl\/#website","url":"https:\/\/thefancompany.nl\/","name":"Die Fan Company","description":"The Fan Company ist der Lieferant von Gebl\u00e4sen f\u00fcr aufblasbare Burgen und H\u00fcpfburgen.","publisher":{"@id":"https:\/\/thefancompany.nl\/#organization"},"potentialAction":[{"@type":"SearchAction","target":{"@type":"EntryPoint","urlTemplate":"https:\/\/thefancompany.nl\/?s={search_term_string}"},"query-input":{"@type":"PropertyValueSpecification","valueRequired":true,"valueName":"search_term_string"}}],"inLanguage":"de"},{"@type":"Organization","@id":"https:\/\/thefancompany.nl\/#organization","name":"Die Fan Company","url":"https:\/\/thefancompany.nl\/","logo":{"@type":"ImageObject","inLanguage":"de","@id":"https:\/\/thefancompany.nl\/#\/schema\/logo\/image\/","url":"https:\/\/thefancompany.nl\/wp-content\/uploads\/2023\/07\/logo-Fancom-PMS.svg","contentUrl":"https:\/\/thefancompany.nl\/wp-content\/uploads\/2023\/07\/logo-Fancom-PMS.svg","width":100,"height":100,"caption":"The Fan Company"},"image":{"@id":"https:\/\/thefancompany.nl\/#\/schema\/logo\/image\/"}}]}},"_links":{"self":[{"href":"https:\/\/thefancompany.nl\/de\/wp-json\/wp\/v2\/product\/58","targetHints":{"allow":["GET"]}}],"collection":[{"href":"https:\/\/thefancompany.nl\/de\/wp-json\/wp\/v2\/product"}],"about":[{"href":"https:\/\/thefancompany.nl\/de\/wp-json\/wp\/v2\/types\/product"}],"wp:featuredmedia":[{"embeddable":true,"href":"https:\/\/thefancompany.nl\/de\/wp-json\/wp\/v2\/media\/184"}],"wp:attachment":[{"href":"https:\/\/thefancompany.nl\/de\/wp-json\/wp\/v2\/media?parent=58"}],"wp:term":[{"taxonomy":"product_brand","embeddable":true,"href":"https:\/\/thefancompany.nl\/de\/wp-json\/wp\/v2\/product_brand?post=58"},{"taxonomy":"product_cat","embeddable":true,"href":"https:\/\/thefancompany.nl\/de\/wp-json\/wp\/v2\/product_cat?post=58"},{"taxonomy":"product_tag","embeddable":true,"href":"https:\/\/thefancompany.nl\/de\/wp-json\/wp\/v2\/product_tag?post=58"}],"curies":[{"name":"wp","href":"https:\/\/api.w.org\/{rel}","templated":true}]}}