{"id":60,"date":"2023-07-13T12:28:23","date_gmt":"2023-07-13T12:28:23","guid":{"rendered":"https:\/\/thefancompany.nl\/?post_type=product&#038;p=60"},"modified":"2023-10-13T14:13:26","modified_gmt":"2023-10-13T12:13:26","slug":"geblase-480-watt-tfc-480","status":"publish","type":"product","link":"https:\/\/thefancompany.nl\/de\/product\/blower-480-watt-tfc-480\/","title":{"rendered":"Gebl\u00e4se 480 Watt (TFC 480)"},"content":{"rendered":"","protected":false},"excerpt":{"rendered":"","protected":false},"featured_media":193,"template":"","meta":{"_acf_changed":false},"product_brand":[],"product_cat":[18],"product_tag":[],"class_list":{"0":"post-60","1":"product","2":"type-product","3":"status-publish","4":"has-post-thumbnail","6":"product_cat-blower","8":"first","9":"instock","10":"taxable","11":"shipping-taxable","12":"purchasable","13":"product-type-simple"},"acf":[],"yoast_head":"<!-- This site is optimized with the Yoast SEO plugin v27.1.1 - https:\/\/yoast.com\/product\/yoast-seo-wordpress\/ -->\n<title>Blower 480 Watt (TFC 480) - The Fan Company<\/title>\n<meta name=\"robots\" content=\"index, follow, max-snippet:-1, max-image-preview:large, max-video-preview:-1\" \/>\n<link rel=\"canonical\" href=\"https:\/\/thefancompany.nl\/de\/produkt\/geblase-480-watt-tfc-480\/\" \/>\n<meta property=\"og:locale\" content=\"de_DE\" \/>\n<meta property=\"og:type\" content=\"article\" \/>\n<meta property=\"og:title\" content=\"Blower 480 Watt (TFC 480) - The Fan Company\" \/>\n<meta property=\"og:url\" content=\"https:\/\/thefancompany.nl\/de\/produkt\/geblase-480-watt-tfc-480\/\" \/>\n<meta property=\"og:site_name\" content=\"The Fan Company\" \/>\n<meta property=\"article:modified_time\" content=\"2023-10-13T12:13:26+00:00\" \/>\n<meta property=\"og:image\" content=\"https:\/\/thefancompany.nl\/wp-content\/uploads\/2023\/07\/Blower-geel-480-Watt.jpg\" \/>\n\t<meta property=\"og:image:width\" content=\"1166\" \/>\n\t<meta property=\"og:image:height\" content=\"777\" \/>\n\t<meta property=\"og:image:type\" content=\"image\/jpeg\" \/>\n<meta name=\"twitter:card\" content=\"summary_large_image\" \/>\n<script type=\"application\/ld+json\" class=\"yoast-schema-graph\">{\"@context\":\"https:\/\/schema.org\",\"@graph\":[{\"@type\":\"WebPage\",\"@id\":\"https:\/\/thefancompany.nl\/product\/blower-480-watt-tfc-480\/\",\"url\":\"https:\/\/thefancompany.nl\/product\/blower-480-watt-tfc-480\/\",\"name\":\"Blower 480 Watt (TFC 480) - The Fan Company\",\"isPartOf\":{\"@id\":\"https:\/\/thefancompany.nl\/#website\"},\"primaryImageOfPage\":{\"@id\":\"https:\/\/thefancompany.nl\/product\/blower-480-watt-tfc-480\/#primaryimage\"},\"image\":{\"@id\":\"https:\/\/thefancompany.nl\/product\/blower-480-watt-tfc-480\/#primaryimage\"},\"thumbnailUrl\":\"https:\/\/thefancompany.nl\/wp-content\/uploads\/2023\/07\/Blower-geel-480-Watt.jpg\",\"datePublished\":\"2023-07-13T12:28:23+00:00\",\"dateModified\":\"2023-10-13T12:13:26+00:00\",\"breadcrumb\":{\"@id\":\"https:\/\/thefancompany.nl\/product\/blower-480-watt-tfc-480\/#breadcrumb\"},\"inLanguage\":\"de\",\"potentialAction\":[{\"@type\":\"ReadAction\",\"target\":[\"https:\/\/thefancompany.nl\/product\/blower-480-watt-tfc-480\/\"]}]},{\"@type\":\"ImageObject\",\"inLanguage\":\"de\",\"@id\":\"https:\/\/thefancompany.nl\/product\/blower-480-watt-tfc-480\/#primaryimage\",\"url\":\"https:\/\/thefancompany.nl\/wp-content\/uploads\/2023\/07\/Blower-geel-480-Watt.jpg\",\"contentUrl\":\"https:\/\/thefancompany.nl\/wp-content\/uploads\/2023\/07\/Blower-geel-480-Watt.jpg\",\"width\":1166,\"height\":777,\"caption\":\"Blower geel 480 Watt\"},{\"@type\":\"BreadcrumbList\",\"@id\":\"https:\/\/thefancompany.nl\/product\/blower-480-watt-tfc-480\/#breadcrumb\",\"itemListElement\":[{\"@type\":\"ListItem\",\"position\":1,\"name\":\"Home\",\"item\":\"https:\/\/thefancompany.nl\/\"},{\"@type\":\"ListItem\",\"position\":2,\"name\":\"Duurzame blower voor springkussens\",\"item\":\"https:\/\/thefancompany.nl\/producten\/\"},{\"@type\":\"ListItem\",\"position\":3,\"name\":\"Blower 480 Watt (TFC 480)\"}]},{\"@type\":\"WebSite\",\"@id\":\"https:\/\/thefancompany.nl\/#website\",\"url\":\"https:\/\/thefancompany.nl\/\",\"name\":\"The Fan Company\",\"description\":\"The Fan Company is d\u00e9 leverancier van blowers voor springkussens en springkastelen.\",\"publisher\":{\"@id\":\"https:\/\/thefancompany.nl\/#organization\"},\"potentialAction\":[{\"@type\":\"SearchAction\",\"target\":{\"@type\":\"EntryPoint\",\"urlTemplate\":\"https:\/\/thefancompany.nl\/?s={search_term_string}\"},\"query-input\":{\"@type\":\"PropertyValueSpecification\",\"valueRequired\":true,\"valueName\":\"search_term_string\"}}],\"inLanguage\":\"de\"},{\"@type\":\"Organization\",\"@id\":\"https:\/\/thefancompany.nl\/#organization\",\"name\":\"The Fan Company\",\"url\":\"https:\/\/thefancompany.nl\/\",\"logo\":{\"@type\":\"ImageObject\",\"inLanguage\":\"de\",\"@id\":\"https:\/\/thefancompany.nl\/#\/schema\/logo\/image\/\",\"url\":\"https:\/\/thefancompany.nl\/wp-content\/uploads\/2023\/07\/logo-Fancom-PMS.svg\",\"contentUrl\":\"https:\/\/thefancompany.nl\/wp-content\/uploads\/2023\/07\/logo-Fancom-PMS.svg\",\"width\":100,\"height\":100,\"caption\":\"The Fan Company\"},\"image\":{\"@id\":\"https:\/\/thefancompany.nl\/#\/schema\/logo\/image\/\"}}]}<\/script>\n<!-- \/ Yoast SEO plugin. -->","yoast_head_json":{"title":"Gebl\u00e4se 480 Watt (TFC 480) \u2013 The Fan Company","robots":{"index":"index","follow":"follow","max-snippet":"max-snippet:-1","max-image-preview":"max-image-preview:large","max-video-preview":"max-video-preview:-1"},"canonical":"https:\/\/thefancompany.nl\/de\/produkt\/geblase-480-watt-tfc-480\/","og_locale":"de_DE","og_type":"article","og_title":"Blower 480 Watt (TFC 480) - The Fan Company","og_url":"https:\/\/thefancompany.nl\/de\/produkt\/geblase-480-watt-tfc-480\/","og_site_name":"The Fan Company","article_modified_time":"2023-10-13T12:13:26+00:00","og_image":[{"width":1166,"height":777,"url":"https:\/\/thefancompany.nl\/wp-content\/uploads\/2023\/07\/Blower-geel-480-Watt.jpg","type":"image\/jpeg"}],"twitter_card":"summary_large_image","schema":{"@context":"https:\/\/schema.org","@graph":[{"@type":"WebPage","@id":"https:\/\/thefancompany.nl\/product\/blower-480-watt-tfc-480\/","url":"https:\/\/thefancompany.nl\/product\/blower-480-watt-tfc-480\/","name":"Gebl\u00e4se 480 Watt (TFC 480) \u2013 The Fan Company","isPartOf":{"@id":"https:\/\/thefancompany.nl\/#website"},"primaryImageOfPage":{"@id":"https:\/\/thefancompany.nl\/product\/blower-480-watt-tfc-480\/#primaryimage"},"image":{"@id":"https:\/\/thefancompany.nl\/product\/blower-480-watt-tfc-480\/#primaryimage"},"thumbnailUrl":"https:\/\/thefancompany.nl\/wp-content\/uploads\/2023\/07\/Blower-geel-480-Watt.jpg","datePublished":"2023-07-13T12:28:23+00:00","dateModified":"2023-10-13T12:13:26+00:00","breadcrumb":{"@id":"https:\/\/thefancompany.nl\/product\/blower-480-watt-tfc-480\/#breadcrumb"},"inLanguage":"de","potentialAction":[{"@type":"ReadAction","target":["https:\/\/thefancompany.nl\/product\/blower-480-watt-tfc-480\/"]}]},{"@type":"ImageObject","inLanguage":"de","@id":"https:\/\/thefancompany.nl\/product\/blower-480-watt-tfc-480\/#primaryimage","url":"https:\/\/thefancompany.nl\/wp-content\/uploads\/2023\/07\/Blower-geel-480-Watt.jpg","contentUrl":"https:\/\/thefancompany.nl\/wp-content\/uploads\/2023\/07\/Blower-geel-480-Watt.jpg","width":1166,"height":777,"caption":"Blower geel 480 Watt"},{"@type":"BreadcrumbList","@id":"https:\/\/thefancompany.nl\/product\/blower-480-watt-tfc-480\/#breadcrumb","itemListElement":[{"@type":"ListItem","position":1,"name":"Home","item":"https:\/\/thefancompany.nl\/"},{"@type":"ListItem","position":2,"name":"Duurzame blower voor springkussens","item":"https:\/\/thefancompany.nl\/producten\/"},{"@type":"ListItem","position":3,"name":"Blower 480 Watt (TFC 480)"}]},{"@type":"WebSite","@id":"https:\/\/thefancompany.nl\/#website","url":"https:\/\/thefancompany.nl\/","name":"Die Fan Company","description":"The Fan Company ist der Lieferant von Gebl\u00e4sen f\u00fcr aufblasbare Burgen und H\u00fcpfburgen.","publisher":{"@id":"https:\/\/thefancompany.nl\/#organization"},"potentialAction":[{"@type":"SearchAction","target":{"@type":"EntryPoint","urlTemplate":"https:\/\/thefancompany.nl\/?s={search_term_string}"},"query-input":{"@type":"PropertyValueSpecification","valueRequired":true,"valueName":"search_term_string"}}],"inLanguage":"de"},{"@type":"Organization","@id":"https:\/\/thefancompany.nl\/#organization","name":"Die Fan Company","url":"https:\/\/thefancompany.nl\/","logo":{"@type":"ImageObject","inLanguage":"de","@id":"https:\/\/thefancompany.nl\/#\/schema\/logo\/image\/","url":"https:\/\/thefancompany.nl\/wp-content\/uploads\/2023\/07\/logo-Fancom-PMS.svg","contentUrl":"https:\/\/thefancompany.nl\/wp-content\/uploads\/2023\/07\/logo-Fancom-PMS.svg","width":100,"height":100,"caption":"The Fan Company"},"image":{"@id":"https:\/\/thefancompany.nl\/#\/schema\/logo\/image\/"}}]}},"_links":{"self":[{"href":"https:\/\/thefancompany.nl\/de\/wp-json\/wp\/v2\/product\/60","targetHints":{"allow":["GET"]}}],"collection":[{"href":"https:\/\/thefancompany.nl\/de\/wp-json\/wp\/v2\/product"}],"about":[{"href":"https:\/\/thefancompany.nl\/de\/wp-json\/wp\/v2\/types\/product"}],"wp:featuredmedia":[{"embeddable":true,"href":"https:\/\/thefancompany.nl\/de\/wp-json\/wp\/v2\/media\/193"}],"wp:attachment":[{"href":"https:\/\/thefancompany.nl\/de\/wp-json\/wp\/v2\/media?parent=60"}],"wp:term":[{"taxonomy":"product_brand","embeddable":true,"href":"https:\/\/thefancompany.nl\/de\/wp-json\/wp\/v2\/product_brand?post=60"},{"taxonomy":"product_cat","embeddable":true,"href":"https:\/\/thefancompany.nl\/de\/wp-json\/wp\/v2\/product_cat?post=60"},{"taxonomy":"product_tag","embeddable":true,"href":"https:\/\/thefancompany.nl\/de\/wp-json\/wp\/v2\/product_tag?post=60"}],"curies":[{"name":"wp","href":"https:\/\/api.w.org\/{rel}","templated":true}]}}